{"id":2580,"date":"2024-02-09T12:07:12","date_gmt":"2024-02-09T11:07:12","guid":{"rendered":"https:\/\/lienhard-ag.dev.hayloft-it.ch\/produkt\/pruefeinrichtung-spe-duo\/"},"modified":"2024-02-28T08:33:01","modified_gmt":"2024-02-28T07:33:01","slug":"dispositif-de-controle-spe-duo","status":"publish","type":"product","link":"https:\/\/lienhard-ag.ch\/fr\/produkt\/pruefeinrichtung-spe-duo\/","title":{"rendered":"Dispositif de contr\u00f4le SPE DUO"},"content":{"rendered":"<ul>\n<li>Contr\u00f4le et r\u00e9glage de la sensibilit\u00e9 de l'affichage<\/li>\n<li>V\u00e9rification des performances de la pompe<\/li>\n<li>avec deux raccords pour l'utilisation simultan\u00e9e de deux bo\u00eetes \u00e0 gaz d'essai SEWERIN<\/li>\n<li>premier raccord pour le gaz d'essai 10 ppm CH4, avec conditionneur int\u00e9gr\u00e9<\/li>\n<li>deuxi\u00e8me connexion pour tous les autres gaz d'essai (gamme LIE vol.-% et %)<\/li>\n<li>avec deux manom\u00e8tres (0 - 16 bar) pour indiquer la pression des bo\u00eetes de gaz d'essai<\/li>\n<li>avec d\u00e9bitm\u00e8tre (0 - 80 l\/h)<\/li>\n<li>possibilit\u00e9 de montage mural<\/li>\n<\/ul>","protected":false},"excerpt":{"rendered":"<p>pour le contr\u00f4le et l'ajustage des appareils de mesure SEWERIN<\/p>\n<p>Utilisation selon le tableau r\u00e9capitulatif<\/p>","protected":false},"featured_media":2056,"template":"","meta":[],"product_brand":[],"product_cat":[31,81],"product_tag":[],"class_list":{"0":"post-2580","1":"product","2":"type-product","3":"status-publish","4":"has-post-thumbnail","6":"product_cat-geraete-gas","7":"product_cat-pruefeinrichtungen","9":"first","10":"instock","11":"shipping-taxable","12":"purchasable","13":"product-type-simple"},"acf":[],"_links":{"self":[{"href":"https:\/\/lienhard-ag.ch\/fr\/wp-json\/wp\/v2\/product\/2580","targetHints":{"allow":["GET"]}}],"collection":[{"href":"https:\/\/lienhard-ag.ch\/fr\/wp-json\/wp\/v2\/product"}],"about":[{"href":"https:\/\/lienhard-ag.ch\/fr\/wp-json\/wp\/v2\/types\/product"}],"wp:featuredmedia":[{"embeddable":true,"href":"https:\/\/lienhard-ag.ch\/fr\/wp-json\/wp\/v2\/media\/2056"}],"wp:attachment":[{"href":"https:\/\/lienhard-ag.ch\/fr\/wp-json\/wp\/v2\/media?parent=2580"}],"wp:term":[{"taxonomy":"product_brand","embeddable":true,"href":"https:\/\/lienhard-ag.ch\/fr\/wp-json\/wp\/v2\/product_brand?post=2580"},{"taxonomy":"product_cat","embeddable":true,"href":"https:\/\/lienhard-ag.ch\/fr\/wp-json\/wp\/v2\/product_cat?post=2580"},{"taxonomy":"product_tag","embeddable":true,"href":"https:\/\/lienhard-ag.ch\/fr\/wp-json\/wp\/v2\/product_tag?post=2580"}],"curies":[{"name":"wp","href":"https:\/\/api.w.org\/{rel}","templated":true}]}}