{"id":2583,"date":"2024-02-09T12:07:12","date_gmt":"2024-02-09T11:07:12","guid":{"rendered":"https:\/\/lienhard-ag.dev.hayloft-it.ch\/produkt\/pruefkopf-hg4\/"},"modified":"2024-02-15T08:27:36","modified_gmt":"2024-02-15T07:27:36","slug":"tete-de-controle-hg4","status":"publish","type":"product","link":"https:\/\/lienhard-ag.ch\/fr\/produkt\/pruefkopf-hg4\/","title":{"rendered":"T\u00eate de contr\u00f4le HG4"},"content":{"rendered":"<ul>\n<li>Connexion du dispositif de contr\u00f4le et de la t\u00eate du capteur<\/li>\n<li>convient pour : EX-TEC PM 4, EX TEC SNOOPER 4 pompe, EX-TEC GM 4<\/li>\n<\/ul>","protected":false},"excerpt":{"rendered":"<p>Connexion du dispositif de contr\u00f4le et de la t\u00eate de capteur adapt\u00e9e pour : EX-TEC PM 4, EX TEC SNOOPER 4 pompe, EX-TEC GM 4<\/p>","protected":false},"featured_media":2059,"template":"","meta":[],"product_brand":[],"product_cat":[141],"product_tag":[],"class_list":{"0":"post-2583","1":"product","2":"type-product","3":"status-publish","4":"has-post-thumbnail","6":"product_cat-zubehoer","8":"first","9":"instock","10":"shipping-taxable","11":"purchasable","12":"product-type-simple"},"acf":[],"_links":{"self":[{"href":"https:\/\/lienhard-ag.ch\/fr\/wp-json\/wp\/v2\/product\/2583","targetHints":{"allow":["GET"]}}],"collection":[{"href":"https:\/\/lienhard-ag.ch\/fr\/wp-json\/wp\/v2\/product"}],"about":[{"href":"https:\/\/lienhard-ag.ch\/fr\/wp-json\/wp\/v2\/types\/product"}],"wp:featuredmedia":[{"embeddable":true,"href":"https:\/\/lienhard-ag.ch\/fr\/wp-json\/wp\/v2\/media\/2059"}],"wp:attachment":[{"href":"https:\/\/lienhard-ag.ch\/fr\/wp-json\/wp\/v2\/media?parent=2583"}],"wp:term":[{"taxonomy":"product_brand","embeddable":true,"href":"https:\/\/lienhard-ag.ch\/fr\/wp-json\/wp\/v2\/product_brand?post=2583"},{"taxonomy":"product_cat","embeddable":true,"href":"https:\/\/lienhard-ag.ch\/fr\/wp-json\/wp\/v2\/product_cat?post=2583"},{"taxonomy":"product_tag","embeddable":true,"href":"https:\/\/lienhard-ag.ch\/fr\/wp-json\/wp\/v2\/product_tag?post=2583"}],"curies":[{"name":"wp","href":"https:\/\/api.w.org\/{rel}","templated":true}]}}