{"id":2590,"date":"2024-02-09T12:07:12","date_gmt":"2024-02-09T11:07:12","guid":{"rendered":"https:\/\/lienhard-ag.dev.hayloft-it.ch\/produkt\/y-stueck-prueftechnik-mit-rueckschlagventil\/"},"modified":"2024-04-17T11:32:26","modified_gmt":"2024-04-17T09:32:26","slug":"y-piece-technique-de-controle-avec-clapet-anti-retour","status":"publish","type":"product","link":"https:\/\/lienhard-ag.ch\/fr\/produkt\/y-stueck-prueftechnik-mit-rueckschlagventil\/","title":{"rendered":"Pi\u00e8ce en Y Technique d'essai avec clapet anti-retour"},"content":{"rendered":"<ul>\n<li>Raccordement de 2 bouteilles de gaz d'essai \u00e0 un dispositif d'essai<\/li>\n<li>avec clapet anti-retour par entr\u00e9e<\/li>\n<li>pour les dispositifs de test avec raccordement \u00e0 une bo\u00eete, l'adaptateur SPE avec mamelon est n\u00e9cessaire<\/li>\n<\/ul>","protected":false},"excerpt":{"rendered":"<p>Raccordement de 2 bouteilles de gaz d'essai \u00e0 un dispositif d'essai avec clapet anti-retour par entr\u00e9e pour les dispositifs d'essai avec raccord de bo\u00eete, l'adaptateur SPE avec mamelon est n\u00e9cessaire<\/p>","protected":false},"featured_media":3551,"template":"","meta":[],"product_brand":[],"product_cat":[141],"product_tag":[],"class_list":{"0":"post-2590","1":"product","2":"type-product","3":"status-publish","4":"has-post-thumbnail","6":"product_cat-zubehoer","8":"first","9":"instock","10":"shipping-taxable","11":"purchasable","12":"product-type-simple"},"acf":[],"_links":{"self":[{"href":"https:\/\/lienhard-ag.ch\/fr\/wp-json\/wp\/v2\/product\/2590","targetHints":{"allow":["GET"]}}],"collection":[{"href":"https:\/\/lienhard-ag.ch\/fr\/wp-json\/wp\/v2\/product"}],"about":[{"href":"https:\/\/lienhard-ag.ch\/fr\/wp-json\/wp\/v2\/types\/product"}],"wp:featuredmedia":[{"embeddable":true,"href":"https:\/\/lienhard-ag.ch\/fr\/wp-json\/wp\/v2\/media\/3551"}],"wp:attachment":[{"href":"https:\/\/lienhard-ag.ch\/fr\/wp-json\/wp\/v2\/media?parent=2590"}],"wp:term":[{"taxonomy":"product_brand","embeddable":true,"href":"https:\/\/lienhard-ag.ch\/fr\/wp-json\/wp\/v2\/product_brand?post=2590"},{"taxonomy":"product_cat","embeddable":true,"href":"https:\/\/lienhard-ag.ch\/fr\/wp-json\/wp\/v2\/product_cat?post=2590"},{"taxonomy":"product_tag","embeddable":true,"href":"https:\/\/lienhard-ag.ch\/fr\/wp-json\/wp\/v2\/product_tag?post=2590"}],"curies":[{"name":"wp","href":"https:\/\/api.w.org\/{rel}","templated":true}]}}