{"id":2593,"date":"2024-02-09T12:07:12","date_gmt":"2024-02-09T11:07:12","guid":{"rendered":"https:\/\/lienhard-ag.dev.hayloft-it.ch\/produkt\/snooper-test-set-c3h8\/"},"modified":"2024-04-16T10:02:15","modified_gmt":"2024-04-16T08:02:15","slug":"snooper-test-set-c3h8","status":"publish","type":"product","link":"https:\/\/lienhard-ag.ch\/fr\/produkt\/snooper-test-set-c3h8\/","title":{"rendered":"SNOOPER Kit de test C3H8"},"content":{"rendered":"<ul>\n<li>pour le contr\u00f4le et l'ajustement de la sensibilit\u00e9 de l'affichage dans le domaine des ppm<\/li>\n<li>D\u00e9tendeur avec d\u00e9bit pr\u00e9r\u00e9gl\u00e9 du gaz d'essai de 30 l\/h<\/li>\n<li>T\u00eate de test avec conditionneur int\u00e9gr\u00e9<\/li>\n<li>SEWERIN Prise de gaz d'essai 1 Vol.-% C3H8 (propane)<\/li>\n<\/ul>","protected":false},"excerpt":{"rendered":"<p>pour le contr\u00f4le et l'ajustement de la sensibilit\u00e9 de l'affichage dans la plage des ppm D\u00e9tendeur avec d\u00e9bit pr\u00e9r\u00e9gl\u00e9 du gaz de test de 30 l\/h T\u00eate de test avec conditionneur int\u00e9gr\u00e9 Prise de gaz de test SEWERIN 1 vol.-% C3H8 (propane)<\/p>","protected":false},"featured_media":3513,"template":"","meta":[],"product_brand":[],"product_cat":[141],"product_tag":[],"class_list":{"0":"post-2593","1":"product","2":"type-product","3":"status-publish","4":"has-post-thumbnail","6":"product_cat-zubehoer","8":"first","9":"instock","10":"shipping-taxable","11":"purchasable","12":"product-type-simple"},"acf":[],"_links":{"self":[{"href":"https:\/\/lienhard-ag.ch\/fr\/wp-json\/wp\/v2\/product\/2593","targetHints":{"allow":["GET"]}}],"collection":[{"href":"https:\/\/lienhard-ag.ch\/fr\/wp-json\/wp\/v2\/product"}],"about":[{"href":"https:\/\/lienhard-ag.ch\/fr\/wp-json\/wp\/v2\/types\/product"}],"wp:featuredmedia":[{"embeddable":true,"href":"https:\/\/lienhard-ag.ch\/fr\/wp-json\/wp\/v2\/media\/3513"}],"wp:attachment":[{"href":"https:\/\/lienhard-ag.ch\/fr\/wp-json\/wp\/v2\/media?parent=2593"}],"wp:term":[{"taxonomy":"product_brand","embeddable":true,"href":"https:\/\/lienhard-ag.ch\/fr\/wp-json\/wp\/v2\/product_brand?post=2593"},{"taxonomy":"product_cat","embeddable":true,"href":"https:\/\/lienhard-ag.ch\/fr\/wp-json\/wp\/v2\/product_cat?post=2593"},{"taxonomy":"product_tag","embeddable":true,"href":"https:\/\/lienhard-ag.ch\/fr\/wp-json\/wp\/v2\/product_tag?post=2593"}],"curies":[{"name":"wp","href":"https:\/\/api.w.org\/{rel}","templated":true}]}}