{"id":2623,"date":"2024-02-09T12:07:14","date_gmt":"2024-02-09T11:07:14","guid":{"rendered":"https:\/\/lienhard-ag.dev.hayloft-it.ch\/produkt\/ladegeraet-fuer-akkupack-nimh\/"},"modified":"2024-04-17T11:06:16","modified_gmt":"2024-04-17T09:06:16","slug":"chargeur-pour-pack-daccus-nimh","status":"publish","type":"product","link":"https:\/\/lienhard-ag.ch\/fr\/produkt\/ladegeraet-fuer-akkupack-nimh\/","title":{"rendered":"Chargeur pour pack d'accus NiMH"},"content":{"rendered":"<ul>\n<li>avec prise Tamiya et c\u00e2ble d'alimentation<\/li>\n<li>charge de maintien automatique une fois la pleine capacit\u00e9 atteinte<\/li>\n<li>Arr\u00eat de protection apr\u00e8s 6 heures de charge<\/li>\n<li>Tension d'entr\u00e9e : 230 V DC<\/li>\n<\/ul>","protected":false},"excerpt":{"rendered":"<p>avec fiche Tamiya et c\u00e2ble d'alimentation charge de maintien automatique apr\u00e8s avoir atteint la pleine capacit\u00e9 arr\u00eat de protection apr\u00e8s 6 heures de charge tension d'entr\u00e9e : 230 V DC<\/p>","protected":false},"featured_media":3545,"template":"","meta":[],"product_brand":[],"product_cat":[141],"product_tag":[],"class_list":{"0":"post-2623","1":"product","2":"type-product","3":"status-publish","4":"has-post-thumbnail","6":"product_cat-zubehoer","8":"first","9":"instock","10":"shipping-taxable","11":"purchasable","12":"product-type-simple"},"acf":[],"_links":{"self":[{"href":"https:\/\/lienhard-ag.ch\/fr\/wp-json\/wp\/v2\/product\/2623","targetHints":{"allow":["GET"]}}],"collection":[{"href":"https:\/\/lienhard-ag.ch\/fr\/wp-json\/wp\/v2\/product"}],"about":[{"href":"https:\/\/lienhard-ag.ch\/fr\/wp-json\/wp\/v2\/types\/product"}],"wp:featuredmedia":[{"embeddable":true,"href":"https:\/\/lienhard-ag.ch\/fr\/wp-json\/wp\/v2\/media\/3545"}],"wp:attachment":[{"href":"https:\/\/lienhard-ag.ch\/fr\/wp-json\/wp\/v2\/media?parent=2623"}],"wp:term":[{"taxonomy":"product_brand","embeddable":true,"href":"https:\/\/lienhard-ag.ch\/fr\/wp-json\/wp\/v2\/product_brand?post=2623"},{"taxonomy":"product_cat","embeddable":true,"href":"https:\/\/lienhard-ag.ch\/fr\/wp-json\/wp\/v2\/product_cat?post=2623"},{"taxonomy":"product_tag","embeddable":true,"href":"https:\/\/lienhard-ag.ch\/fr\/wp-json\/wp\/v2\/product_tag?post=2623"}],"curies":[{"name":"wp","href":"https:\/\/api.w.org\/{rel}","templated":true}]}}