{"id":2642,"date":"2024-02-09T12:07:15","date_gmt":"2024-02-09T11:07:15","guid":{"rendered":"https:\/\/lienhard-ag.dev.hayloft-it.ch\/produkt\/securi-sat-wartungsvertrag\/"},"modified":"2024-02-15T08:27:34","modified_gmt":"2024-02-15T07:27:34","slug":"contrat-de-maintenance-securi-sat","status":"publish","type":"product","link":"https:\/\/lienhard-ag.ch\/fr\/produkt\/securi-sat-wartungsvertrag\/","title":{"rendered":"Contrat de maintenance SeCuRi SAT"},"content":{"rendered":"<ul>\n<li>N\u00e9gociation d'un contrat de maintenance pour les composants logiciels SeCuRi SAT<\/li>\n<li>comprend : mises \u00e0 jour de logiciels, assistance technique<\/li>\n<li>Co\u00fbts de maintenance annuels 18% du prix courant du logiciel<\/li>\n<\/ul>","protected":false},"excerpt":{"rendered":"<p>Interm\u00e9diaire Le contrat de maintenance pour les composants logiciels SeCuRi SAT comprend : Mises \u00e0 jour du logiciel, support technique Co\u00fbts de maintenance annuels 18% du prix courant du logiciel<\/p>","protected":false},"featured_media":0,"template":"","meta":[],"product_brand":[],"product_cat":[141],"product_tag":[],"class_list":{"0":"post-2642","1":"product","2":"type-product","3":"status-publish","5":"product_cat-zubehoer","7":"first","8":"instock","9":"shipping-taxable","10":"purchasable","11":"product-type-simple"},"acf":[],"_links":{"self":[{"href":"https:\/\/lienhard-ag.ch\/fr\/wp-json\/wp\/v2\/product\/2642","targetHints":{"allow":["GET"]}}],"collection":[{"href":"https:\/\/lienhard-ag.ch\/fr\/wp-json\/wp\/v2\/product"}],"about":[{"href":"https:\/\/lienhard-ag.ch\/fr\/wp-json\/wp\/v2\/types\/product"}],"wp:attachment":[{"href":"https:\/\/lienhard-ag.ch\/fr\/wp-json\/wp\/v2\/media?parent=2642"}],"wp:term":[{"taxonomy":"product_brand","embeddable":true,"href":"https:\/\/lienhard-ag.ch\/fr\/wp-json\/wp\/v2\/product_brand?post=2642"},{"taxonomy":"product_cat","embeddable":true,"href":"https:\/\/lienhard-ag.ch\/fr\/wp-json\/wp\/v2\/product_cat?post=2642"},{"taxonomy":"product_tag","embeddable":true,"href":"https:\/\/lienhard-ag.ch\/fr\/wp-json\/wp\/v2\/product_tag?post=2642"}],"curies":[{"name":"wp","href":"https:\/\/api.w.org\/{rel}","templated":true}]}}