{"id":2646,"date":"2024-02-09T12:07:15","date_gmt":"2024-02-09T11:07:15","guid":{"rendered":"https:\/\/lienhard-ag.dev.hayloft-it.ch\/produkt\/snooper-mini-propan\/"},"modified":"2024-04-16T10:08:19","modified_gmt":"2024-04-16T08:08:19","slug":"snooper-mini-propane","status":"publish","type":"product","link":"https:\/\/lienhard-ag.ch\/fr\/produkt\/snooper-mini-propan\/","title":{"rendered":"SNOOPER mini propane"},"content":{"rendered":"<ul>\n<li>D\u00e9tection de fuites sur les conduites d'installation<\/li>\n<li>V\u00e9rification des travaux de r\u00e9paration<\/li>\n<li>col de cygne int\u00e9gr\u00e9<\/li>\n<li>Affichage num\u00e9rique<\/li>\n<li>R\u00e9glage : C3H8 (propane)<\/li>\n<li>La livraison comprend : D\u00e9tecteur de gaz avec 2 piles Mignon, dragonne, mode d'emploi<\/li>\n<\/ul>","protected":false},"excerpt":{"rendered":"<p>D\u00e9tection de fuites sur les conduites d'installation Contr\u00f4le des travaux de r\u00e9paration Col de cygne int\u00e9gr\u00e9 Affichage num\u00e9rique R\u00e9glage : C3H8 (propane) La livraison comprend : D\u00e9tecteur de gaz avec 2 piles AA, dragonne, mode d'emploi<\/p>","protected":false},"featured_media":3514,"template":"","meta":[],"product_brand":[],"product_cat":[141],"product_tag":[],"class_list":{"0":"post-2646","1":"product","2":"type-product","3":"status-publish","4":"has-post-thumbnail","6":"product_cat-zubehoer","8":"first","9":"instock","10":"shipping-taxable","11":"purchasable","12":"product-type-simple"},"acf":[],"_links":{"self":[{"href":"https:\/\/lienhard-ag.ch\/fr\/wp-json\/wp\/v2\/product\/2646","targetHints":{"allow":["GET"]}}],"collection":[{"href":"https:\/\/lienhard-ag.ch\/fr\/wp-json\/wp\/v2\/product"}],"about":[{"href":"https:\/\/lienhard-ag.ch\/fr\/wp-json\/wp\/v2\/types\/product"}],"wp:featuredmedia":[{"embeddable":true,"href":"https:\/\/lienhard-ag.ch\/fr\/wp-json\/wp\/v2\/media\/3514"}],"wp:attachment":[{"href":"https:\/\/lienhard-ag.ch\/fr\/wp-json\/wp\/v2\/media?parent=2646"}],"wp:term":[{"taxonomy":"product_brand","embeddable":true,"href":"https:\/\/lienhard-ag.ch\/fr\/wp-json\/wp\/v2\/product_brand?post=2646"},{"taxonomy":"product_cat","embeddable":true,"href":"https:\/\/lienhard-ag.ch\/fr\/wp-json\/wp\/v2\/product_cat?post=2646"},{"taxonomy":"product_tag","embeddable":true,"href":"https:\/\/lienhard-ag.ch\/fr\/wp-json\/wp\/v2\/product_tag?post=2646"}],"curies":[{"name":"wp","href":"https:\/\/api.w.org\/{rel}","templated":true}]}}