{"id":2649,"date":"2024-02-09T12:07:16","date_gmt":"2024-02-09T11:07:16","guid":{"rendered":"https:\/\/lienhard-ag.dev.hayloft-it.ch\/produkt\/ferrophon-fg-150-generator\/"},"modified":"2024-02-15T08:27:34","modified_gmt":"2024-02-15T07:27:34","slug":"ferrophon-fg-150-generateur","status":"publish","type":"product","link":"https:\/\/lienhard-ag.ch\/fr\/produkt\/ferrophon-fg-150-generator\/","title":{"rendered":"G\u00e9n\u00e9rateur FERROPHON FG 150"},"content":{"rendered":"<ul>\n<li>pour la terminaison de lignes<\/li>\n<li>Puissance d'\u00e9mission : max. 50 W<\/li>\n<li>Fr\u00e9quences d'\u00e9mission : disponibles = 15 fr\u00e9quences de 200 Hz \u00e0 116 kHz, librement programmables = 5 places<\/li>\n<li>batterie fixe<\/li>\n<li>Piquet de terre<\/li>\n<li>y compris jeu de c\u00e2bles FG 150, comprenant : C\u00e2ble de raccordement en Y g\u00e9n\u00e9rateur &amp; c\u00e2ble de contr\u00f4le et de mesure 1 m type SLK425-E<\/li>\n<\/ul>","protected":false},"excerpt":{"rendered":"<p>pour l'\u00e9mission de lignes Puissance d'\u00e9mission : max. 50 W Fr\u00e9quences d'\u00e9mission : disponibles = 15 fr\u00e9quences de 200 Hz - 116 kHz, librement programmables = 5 emplacements Batterie fixe int\u00e9gr\u00e9e Piquet de terre y compris jeu de c\u00e2bles FG 150, comprenant : C\u00e2ble de raccordement en Y g\u00e9n\u00e9rateur &amp; c\u00e2ble de contr\u00f4le et de mesure 1 m type SLK425-E<\/p>","protected":false},"featured_media":0,"template":"","meta":[],"product_brand":[],"product_cat":[141],"product_tag":[],"class_list":{"0":"post-2649","1":"product","2":"type-product","3":"status-publish","5":"product_cat-zubehoer","7":"first","8":"instock","9":"shipping-taxable","10":"purchasable","11":"product-type-simple"},"acf":[],"_links":{"self":[{"href":"https:\/\/lienhard-ag.ch\/fr\/wp-json\/wp\/v2\/product\/2649","targetHints":{"allow":["GET"]}}],"collection":[{"href":"https:\/\/lienhard-ag.ch\/fr\/wp-json\/wp\/v2\/product"}],"about":[{"href":"https:\/\/lienhard-ag.ch\/fr\/wp-json\/wp\/v2\/types\/product"}],"wp:attachment":[{"href":"https:\/\/lienhard-ag.ch\/fr\/wp-json\/wp\/v2\/media?parent=2649"}],"wp:term":[{"taxonomy":"product_brand","embeddable":true,"href":"https:\/\/lienhard-ag.ch\/fr\/wp-json\/wp\/v2\/product_brand?post=2649"},{"taxonomy":"product_cat","embeddable":true,"href":"https:\/\/lienhard-ag.ch\/fr\/wp-json\/wp\/v2\/product_cat?post=2649"},{"taxonomy":"product_tag","embeddable":true,"href":"https:\/\/lienhard-ag.ch\/fr\/wp-json\/wp\/v2\/product_tag?post=2649"}],"curies":[{"name":"wp","href":"https:\/\/api.w.org\/{rel}","templated":true}]}}