{"id":2654,"date":"2024-02-09T12:07:16","date_gmt":"2024-02-09T11:07:16","guid":{"rendered":"https:\/\/lienhard-ag.dev.hayloft-it.ch\/produkt\/ortungssender-sr-116kx\/"},"modified":"2024-02-15T08:27:34","modified_gmt":"2024-02-15T07:27:34","slug":"emetteur-de-localisation-sr-116kx","status":"publish","type":"product","link":"https:\/\/lienhard-ag.ch\/fr\/produkt\/ortungssender-sr-116kx\/","title":{"rendered":"Emetteur de localisation SR-116Kx"},"content":{"rendered":"<ul>\n<li>Domaines d'application : tuyaux non m\u00e9talliques, tuyaux vides, tuyaux d'eaux us\u00e9es<\/li>\n<li>profondeur de localisation : 11,5 m<\/li>\n<li>Dimensions : 140 x 19 mm (L x \u2205)<\/li>\n<li>Alimentation : 1 pile au lithium de 6 V, fournie, dimensions : 25,1 x 13 mm (H x \u2205)<\/li>\n<li>Autonomie : environ 8 heures<\/li>\n<li>Fr\u00e9quence : 116 kHz<\/li>\n<li>\u00e9tanche<\/li>\n<li>pi\u00e8ce interm\u00e9diaire flexible entre l'\u00e9metteur et l'unit\u00e9 de batterie<\/li>\n<li>se visse sur toutes les tiges en fibre de verre avec un filetage M6<\/li>\n<\/ul>","protected":false},"excerpt":{"rendered":"<p>Domaines d'application : tuyaux non m\u00e9talliques, tuyaux vides, tuyaux d'\u00e9vacuation Profondeur de localisation : 11,5 m Dimensions : 140 x 19 mm (L x \u2205) Alimentation : 1 pile au lithium de 6 V, fournie, dimensions : 25,1 x 13 mm (H x \u2205) Autonomie : env. 8 heures Fr\u00e9quence : 116 kHz \u00e9tanche Pi\u00e8ce interm\u00e9diaire flexible entre l'\u00e9metteur et l'unit\u00e9 de batterie vissable sur toutes les tiges en fibre de verre avec filetage M6<\/p>","protected":false},"featured_media":2095,"template":"","meta":[],"product_brand":[],"product_cat":[141],"product_tag":[],"class_list":{"0":"post-2654","1":"product","2":"type-product","3":"status-publish","4":"has-post-thumbnail","6":"product_cat-zubehoer","8":"first","9":"instock","10":"shipping-taxable","11":"purchasable","12":"product-type-simple"},"acf":[],"_links":{"self":[{"href":"https:\/\/lienhard-ag.ch\/fr\/wp-json\/wp\/v2\/product\/2654","targetHints":{"allow":["GET"]}}],"collection":[{"href":"https:\/\/lienhard-ag.ch\/fr\/wp-json\/wp\/v2\/product"}],"about":[{"href":"https:\/\/lienhard-ag.ch\/fr\/wp-json\/wp\/v2\/types\/product"}],"wp:featuredmedia":[{"embeddable":true,"href":"https:\/\/lienhard-ag.ch\/fr\/wp-json\/wp\/v2\/media\/2095"}],"wp:attachment":[{"href":"https:\/\/lienhard-ag.ch\/fr\/wp-json\/wp\/v2\/media?parent=2654"}],"wp:term":[{"taxonomy":"product_brand","embeddable":true,"href":"https:\/\/lienhard-ag.ch\/fr\/wp-json\/wp\/v2\/product_brand?post=2654"},{"taxonomy":"product_cat","embeddable":true,"href":"https:\/\/lienhard-ag.ch\/fr\/wp-json\/wp\/v2\/product_cat?post=2654"},{"taxonomy":"product_tag","embeddable":true,"href":"https:\/\/lienhard-ag.ch\/fr\/wp-json\/wp\/v2\/product_tag?post=2654"}],"curies":[{"name":"wp","href":"https:\/\/api.w.org\/{rel}","templated":true}]}}