{"id":2656,"date":"2024-02-09T12:07:16","date_gmt":"2024-02-09T11:07:16","guid":{"rendered":"https:\/\/lienhard-ag.dev.hayloft-it.ch\/produkt\/ortungssender-sr2-640\/"},"modified":"2024-02-15T08:27:34","modified_gmt":"2024-02-15T07:27:34","slug":"emetteur-de-localisation-sr2-640","status":"publish","type":"product","link":"https:\/\/lienhard-ag.ch\/fr\/produkt\/ortungssender-sr2-640\/","title":{"rendered":"Emetteur de localisation SR2-640"},"content":{"rendered":"<ul>\n<li>Domaines d'application : tubes m\u00e9talliques et non m\u00e9talliques<\/li>\n<li>profondeur de localisation : 4,2 m<\/li>\n<li>Dimensions : 178 x 32 mm (L x \u2205)<\/li>\n<li>- Alimentation : 4 piles (AAA \"Micro\", LR03, 1,5 V), incluses dans la livraison<\/li>\n<li>Autonomie : env. 16 - 20 heures<\/li>\n<li>Fr\u00e9quence : 640 Hz<\/li>\n<li>\u00e9tanche<\/li>\n<li>pi\u00e8ce interm\u00e9diaire flexible entre l'\u00e9metteur et l'unit\u00e9 de batterie<\/li>\n<li>se visse sur toutes les tiges en fibre de verre avec un filetage M6<\/li>\n<\/ul>","protected":false},"excerpt":{"rendered":"<p>Domaines d'utilisation : tuyaux m\u00e9talliques et non m\u00e9talliques Profondeur de localisation : 4,2 m Dimensions : 178 x 32 mm (L x \u2205) - Alimentation : 4 piles (AAA \"Micro\", LR03, 1,5 V), fournies Dur\u00e9e de fonctionnement : env. 16 - 20 heures Fr\u00e9quence : 640 Hz \u00e9tanche \u00e0 l'eau Pi\u00e8ce interm\u00e9diaire flexible entre l'\u00e9metteur et le bloc de piles vissable sur toutes les tiges en fibre de verre avec filetage M6<\/p>","protected":false},"featured_media":2097,"template":"","meta":[],"product_brand":[],"product_cat":[141],"product_tag":[],"class_list":{"0":"post-2656","1":"product","2":"type-product","3":"status-publish","4":"has-post-thumbnail","6":"product_cat-zubehoer","8":"first","9":"instock","10":"shipping-taxable","11":"purchasable","12":"product-type-simple"},"acf":[],"_links":{"self":[{"href":"https:\/\/lienhard-ag.ch\/fr\/wp-json\/wp\/v2\/product\/2656","targetHints":{"allow":["GET"]}}],"collection":[{"href":"https:\/\/lienhard-ag.ch\/fr\/wp-json\/wp\/v2\/product"}],"about":[{"href":"https:\/\/lienhard-ag.ch\/fr\/wp-json\/wp\/v2\/types\/product"}],"wp:featuredmedia":[{"embeddable":true,"href":"https:\/\/lienhard-ag.ch\/fr\/wp-json\/wp\/v2\/media\/2097"}],"wp:attachment":[{"href":"https:\/\/lienhard-ag.ch\/fr\/wp-json\/wp\/v2\/media?parent=2656"}],"wp:term":[{"taxonomy":"product_brand","embeddable":true,"href":"https:\/\/lienhard-ag.ch\/fr\/wp-json\/wp\/v2\/product_brand?post=2656"},{"taxonomy":"product_cat","embeddable":true,"href":"https:\/\/lienhard-ag.ch\/fr\/wp-json\/wp\/v2\/product_cat?post=2656"},{"taxonomy":"product_tag","embeddable":true,"href":"https:\/\/lienhard-ag.ch\/fr\/wp-json\/wp\/v2\/product_tag?post=2656"}],"curies":[{"name":"wp","href":"https:\/\/api.w.org\/{rel}","templated":true}]}}