{"id":2657,"date":"2024-02-09T12:07:16","date_gmt":"2024-02-09T11:07:16","guid":{"rendered":"https:\/\/lienhard-ag.dev.hayloft-it.ch\/produkt\/ortungssender-sr2-116x\/"},"modified":"2024-02-15T08:27:34","modified_gmt":"2024-02-15T07:27:34","slug":"emetteur-de-localisation-sr2-116x","status":"publish","type":"product","link":"https:\/\/lienhard-ag.ch\/fr\/produkt\/ortungssender-sr2-116x\/","title":{"rendered":"Emetteur de localisation SR2-116x"},"content":{"rendered":"<ul>\n<li>Domaines d'application : tubes non m\u00e9talliques<\/li>\n<li>profondeur de localisation : environ 18 m<\/li>\n<li>Dimensions : 178 x 32 mm (L x \u2205)<\/li>\n<li>Alimentation : 4 piles (AAA \"Micro\", LR03, 1,5 V), incluses dans la livraison<\/li>\n<li>Autonomie : environ 10 heures<\/li>\n<li>Fr\u00e9quence : 116 kHz<\/li>\n<li>\u00e9tanche<\/li>\n<li>pi\u00e8ce interm\u00e9diaire flexible entre l'\u00e9metteur et l'unit\u00e9 de batterie<\/li>\n<li>se visse sur toutes les tiges en fibre de verre avec un filetage M6<\/li>\n<\/ul>","protected":false},"excerpt":{"rendered":"<p>Domaines d'utilisation : tuyaux non m\u00e9talliques Profondeur de localisation : env. 18 m Dimensions : 178 x 32 mm (L x \u2205) Alimentation : 4 piles (AAA \"Micro\", LR03, 1,5 V), fournies Autonomie : env. 10 heures Fr\u00e9quence : 116 kHz \u00e9tanche Pi\u00e8ce interm\u00e9diaire flexible entre l'\u00e9metteur et le bloc de piles vissable sur toutes les tiges en fibre de verre avec filetage M6<\/p>","protected":false},"featured_media":0,"template":"","meta":[],"product_brand":[],"product_cat":[141],"product_tag":[],"class_list":{"0":"post-2657","1":"product","2":"type-product","3":"status-publish","5":"product_cat-zubehoer","7":"first","8":"instock","9":"shipping-taxable","10":"purchasable","11":"product-type-simple"},"acf":[],"_links":{"self":[{"href":"https:\/\/lienhard-ag.ch\/fr\/wp-json\/wp\/v2\/product\/2657","targetHints":{"allow":["GET"]}}],"collection":[{"href":"https:\/\/lienhard-ag.ch\/fr\/wp-json\/wp\/v2\/product"}],"about":[{"href":"https:\/\/lienhard-ag.ch\/fr\/wp-json\/wp\/v2\/types\/product"}],"wp:attachment":[{"href":"https:\/\/lienhard-ag.ch\/fr\/wp-json\/wp\/v2\/media?parent=2657"}],"wp:term":[{"taxonomy":"product_brand","embeddable":true,"href":"https:\/\/lienhard-ag.ch\/fr\/wp-json\/wp\/v2\/product_brand?post=2657"},{"taxonomy":"product_cat","embeddable":true,"href":"https:\/\/lienhard-ag.ch\/fr\/wp-json\/wp\/v2\/product_cat?post=2657"},{"taxonomy":"product_tag","embeddable":true,"href":"https:\/\/lienhard-ag.ch\/fr\/wp-json\/wp\/v2\/product_tag?post=2657"}],"curies":[{"name":"wp","href":"https:\/\/api.w.org\/{rel}","templated":true}]}}