{"id":2671,"date":"2024-02-09T12:07:17","date_gmt":"2024-02-09T11:07:17","guid":{"rendered":"https:\/\/lienhard-ag.dev.hayloft-it.ch\/produkt\/ut-anlegezange-5\/"},"modified":"2024-02-15T08:27:33","modified_gmt":"2024-02-15T07:27:33","slug":"ut-pince-de-pose-5","status":"publish","type":"product","link":"https:\/\/lienhard-ag.ch\/fr\/produkt\/ut-anlegezange-5\/","title":{"rendered":"Pince de pose UT 5\u2033"},"content":{"rendered":"<ul>\n<li>utilisable comme pince d'\u00e9mission<\/li>\n<li>pour les tuyauteries et les c\u00e2bles jusqu'\u00e0 127 mm de diam\u00e8tre<\/li>\n<\/ul>","protected":false},"excerpt":{"rendered":"<p>utilisable comme pince d'\u00e9mission pour les conduites et les c\u00e2bles jusqu'\u00e0 127 mm de diam\u00e8tre<\/p>","protected":false},"featured_media":2108,"template":"","meta":[],"product_brand":[],"product_cat":[141],"product_tag":[],"class_list":{"0":"post-2671","1":"product","2":"type-product","3":"status-publish","4":"has-post-thumbnail","6":"product_cat-zubehoer","8":"first","9":"instock","10":"shipping-taxable","11":"purchasable","12":"product-type-simple"},"acf":[],"_links":{"self":[{"href":"https:\/\/lienhard-ag.ch\/fr\/wp-json\/wp\/v2\/product\/2671","targetHints":{"allow":["GET"]}}],"collection":[{"href":"https:\/\/lienhard-ag.ch\/fr\/wp-json\/wp\/v2\/product"}],"about":[{"href":"https:\/\/lienhard-ag.ch\/fr\/wp-json\/wp\/v2\/types\/product"}],"wp:featuredmedia":[{"embeddable":true,"href":"https:\/\/lienhard-ag.ch\/fr\/wp-json\/wp\/v2\/media\/2108"}],"wp:attachment":[{"href":"https:\/\/lienhard-ag.ch\/fr\/wp-json\/wp\/v2\/media?parent=2671"}],"wp:term":[{"taxonomy":"product_brand","embeddable":true,"href":"https:\/\/lienhard-ag.ch\/fr\/wp-json\/wp\/v2\/product_brand?post=2671"},{"taxonomy":"product_cat","embeddable":true,"href":"https:\/\/lienhard-ag.ch\/fr\/wp-json\/wp\/v2\/product_cat?post=2671"},{"taxonomy":"product_tag","embeddable":true,"href":"https:\/\/lienhard-ag.ch\/fr\/wp-json\/wp\/v2\/product_tag?post=2671"}],"curies":[{"name":"wp","href":"https:\/\/api.w.org\/{rel}","templated":true}]}}