{"id":2677,"date":"2024-02-09T12:07:18","date_gmt":"2024-02-09T11:07:18","guid":{"rendered":"https:\/\/lienhard-ag.dev.hayloft-it.ch\/produkt\/ut-9200-r-empfaenger\/"},"modified":"2024-02-15T08:27:33","modified_gmt":"2024-02-15T07:27:33","slug":"ut-9200-r-recepteur","status":"publish","type":"product","link":"https:\/\/lienhard-ag.ch\/fr\/produkt\/ut-9200-r-empfaenger\/","title":{"rendered":"R\u00e9cepteur UT 9200 R"},"content":{"rendered":"<ul>\n<li>pour localiser les lignes<\/li>\n<li>Fr\u00e9quences : passive ( 50 Hz, 100 Hz, 150 Hz), active ( 75 fr\u00e9quences disponibles, 64 Hz - 200 kHz)<\/li>\n<li>Module GNSS pour la d\u00e9termination de la position<\/li>\n<\/ul>","protected":false},"excerpt":{"rendered":"<p>pour localiser les lignes Fr\u00e9quences : passive ( 50 Hz, 100 Hz, 150 Hz), active ( 75 fr\u00e9quences disponibles, 64 Hz - 200 kHz) Module GNSS pour d\u00e9terminer la position<\/p>","protected":false},"featured_media":0,"template":"","meta":[],"product_brand":[],"product_cat":[141],"product_tag":[],"class_list":{"0":"post-2677","1":"product","2":"type-product","3":"status-publish","5":"product_cat-zubehoer","7":"first","8":"instock","9":"shipping-taxable","10":"purchasable","11":"product-type-simple"},"acf":[],"_links":{"self":[{"href":"https:\/\/lienhard-ag.ch\/fr\/wp-json\/wp\/v2\/product\/2677","targetHints":{"allow":["GET"]}}],"collection":[{"href":"https:\/\/lienhard-ag.ch\/fr\/wp-json\/wp\/v2\/product"}],"about":[{"href":"https:\/\/lienhard-ag.ch\/fr\/wp-json\/wp\/v2\/types\/product"}],"wp:attachment":[{"href":"https:\/\/lienhard-ag.ch\/fr\/wp-json\/wp\/v2\/media?parent=2677"}],"wp:term":[{"taxonomy":"product_brand","embeddable":true,"href":"https:\/\/lienhard-ag.ch\/fr\/wp-json\/wp\/v2\/product_brand?post=2677"},{"taxonomy":"product_cat","embeddable":true,"href":"https:\/\/lienhard-ag.ch\/fr\/wp-json\/wp\/v2\/product_cat?post=2677"},{"taxonomy":"product_tag","embeddable":true,"href":"https:\/\/lienhard-ag.ch\/fr\/wp-json\/wp\/v2\/product_tag?post=2677"}],"curies":[{"name":"wp","href":"https:\/\/api.w.org\/{rel}","templated":true}]}}