{"id":2680,"date":"2024-02-09T12:07:18","date_gmt":"2024-02-09T11:07:18","guid":{"rendered":"https:\/\/lienhard-ag.dev.hayloft-it.ch\/produkt\/ethan-detektor-480\/"},"modified":"2024-02-15T08:27:32","modified_gmt":"2024-02-15T07:27:32","slug":"ethan-detector-480","status":"publish","type":"product","link":"https:\/\/lienhard-ag.ch\/fr\/produkt\/ethan-detektor-480\/","title":{"rendered":"D\u00e9tecteur d'\u00e9thane 480"},"content":{"rendered":"<ul>\n<li>pour distinguer le gaz naturel du gaz de carter<\/li>\n<li>int\u00e9gr\u00e9 dans l'appareil<\/li>\n<li>concentration recommand\u00e9e de l'\u00e9chantillon de gaz 1 - 100 Vol.-%<\/li>\n<\/ul>","protected":false},"excerpt":{"rendered":"<p>pour distinguer gaz naturel - gaz de puisard int\u00e9gr\u00e9 \u00e0 l'appareil Concentration recommand\u00e9e de l'\u00e9chantillon de gaz 1 - 100 Vol.-%<\/p>","protected":false},"featured_media":0,"template":"","meta":[],"product_brand":[],"product_cat":[141],"product_tag":[],"class_list":{"0":"post-2680","1":"product","2":"type-product","3":"status-publish","5":"product_cat-zubehoer","7":"first","8":"instock","9":"shipping-taxable","10":"purchasable","11":"product-type-simple"},"acf":[],"_links":{"self":[{"href":"https:\/\/lienhard-ag.ch\/fr\/wp-json\/wp\/v2\/product\/2680","targetHints":{"allow":["GET"]}}],"collection":[{"href":"https:\/\/lienhard-ag.ch\/fr\/wp-json\/wp\/v2\/product"}],"about":[{"href":"https:\/\/lienhard-ag.ch\/fr\/wp-json\/wp\/v2\/types\/product"}],"wp:attachment":[{"href":"https:\/\/lienhard-ag.ch\/fr\/wp-json\/wp\/v2\/media?parent=2680"}],"wp:term":[{"taxonomy":"product_brand","embeddable":true,"href":"https:\/\/lienhard-ag.ch\/fr\/wp-json\/wp\/v2\/product_brand?post=2680"},{"taxonomy":"product_cat","embeddable":true,"href":"https:\/\/lienhard-ag.ch\/fr\/wp-json\/wp\/v2\/product_cat?post=2680"},{"taxonomy":"product_tag","embeddable":true,"href":"https:\/\/lienhard-ag.ch\/fr\/wp-json\/wp\/v2\/product_tag?post=2680"}],"curies":[{"name":"wp","href":"https:\/\/api.w.org\/{rel}","templated":true}]}}