{"id":2682,"date":"2024-02-09T12:07:18","date_gmt":"2024-02-09T11:07:18","guid":{"rendered":"https:\/\/lienhard-ag.dev.hayloft-it.ch\/produkt\/pruefgasgenerator-pgg-h2\/"},"modified":"2024-02-15T08:27:32","modified_gmt":"2024-02-15T07:27:32","slug":"generateur-de-gaz-dessai-pgg-h2","status":"publish","type":"product","link":"https:\/\/lienhard-ag.ch\/fr\/produkt\/pruefgasgenerator-pgg-h2\/","title":{"rendered":"G\u00e9n\u00e9rateur de gaz d'essai PGG H2"},"content":{"rendered":"<ul>\n<li>Production de petites quantit\u00e9s d'hydrog\u00e8ne (de l'ordre du ppm)<\/li>\n<li>pour le contr\u00f4le du fonctionnement des d\u00e9tecteurs de gaz SEWERIN avec r\u00e9glage de l'hydrog\u00e8ne<\/li>\n<li>y compris 4 cellules H2<\/li>\n<\/ul>","protected":false},"excerpt":{"rendered":"<p>Production de petites quantit\u00e9s d'hydrog\u00e8ne (de l'ordre du ppm) pour le contr\u00f4le de fonctionnement des appareils de mesure de gaz SEWERIN avec r\u00e9glage de l'hydrog\u00e8ne, y compris 4 cellules H2<\/p>","protected":false},"featured_media":2112,"template":"","meta":[],"product_brand":[],"product_cat":[141],"product_tag":[],"class_list":{"0":"post-2682","1":"product","2":"type-product","3":"status-publish","4":"has-post-thumbnail","6":"product_cat-zubehoer","8":"first","9":"instock","10":"shipping-taxable","11":"purchasable","12":"product-type-simple"},"acf":[],"_links":{"self":[{"href":"https:\/\/lienhard-ag.ch\/fr\/wp-json\/wp\/v2\/product\/2682","targetHints":{"allow":["GET"]}}],"collection":[{"href":"https:\/\/lienhard-ag.ch\/fr\/wp-json\/wp\/v2\/product"}],"about":[{"href":"https:\/\/lienhard-ag.ch\/fr\/wp-json\/wp\/v2\/types\/product"}],"wp:featuredmedia":[{"embeddable":true,"href":"https:\/\/lienhard-ag.ch\/fr\/wp-json\/wp\/v2\/media\/2112"}],"wp:attachment":[{"href":"https:\/\/lienhard-ag.ch\/fr\/wp-json\/wp\/v2\/media?parent=2682"}],"wp:term":[{"taxonomy":"product_brand","embeddable":true,"href":"https:\/\/lienhard-ag.ch\/fr\/wp-json\/wp\/v2\/product_brand?post=2682"},{"taxonomy":"product_cat","embeddable":true,"href":"https:\/\/lienhard-ag.ch\/fr\/wp-json\/wp\/v2\/product_cat?post=2682"},{"taxonomy":"product_tag","embeddable":true,"href":"https:\/\/lienhard-ag.ch\/fr\/wp-json\/wp\/v2\/product_tag?post=2682"}],"curies":[{"name":"wp","href":"https:\/\/api.w.org\/{rel}","templated":true}]}}