{"id":2683,"date":"2024-02-09T12:07:18","date_gmt":"2024-02-09T11:07:18","guid":{"rendered":"https:\/\/lienhard-ag.dev.hayloft-it.ch\/produkt\/pruefkoffer-ppm\/"},"modified":"2024-04-17T10:04:03","modified_gmt":"2024-04-17T08:04:03","slug":"mallette-de-controle-ppm","status":"publish","type":"product","link":"https:\/\/lienhard-ag.ch\/fr\/produkt\/pruefkoffer-ppm\/","title":{"rendered":"Mallette de contr\u00f4le PPM"},"content":{"rendered":"<ul>\n<li>pour recevoir : dispositif de test SPE ppm avec d\u00e9bitm\u00e8tre, tuyau d'air ext\u00e9rieur, plaque de test pour le test d'affichage avec sonde de tapis ou de cloche &amp; tuyau pour plaque de test<\/li>\n<li>Valise rigide, orange, avec garniture en mousse<\/li>\n<li>Dimensions de la valise environ : 71 x 43 x 19 cm<\/li>\n<\/ul>","protected":false},"excerpt":{"rendered":"<p>pour recevoir : Dispositif de contr\u00f4le SPE ppm avec d\u00e9bitm\u00e8tre, tuyau d'air ext\u00e9rieur, plaque de contr\u00f4le pour le test d'affichage avec sonde de tapis ou de cloche &amp; tuyau pour plaque de contr\u00f4le Mallette rigide, orange, avec garniture en mousse Dimensions de la mallette environ : 71 x 43 x 19 cm<\/p>","protected":false},"featured_media":3531,"template":"","meta":[],"product_brand":[],"product_cat":[141],"product_tag":[],"class_list":{"0":"post-2683","1":"product","2":"type-product","3":"status-publish","4":"has-post-thumbnail","6":"product_cat-zubehoer","8":"first","9":"instock","10":"shipping-taxable","11":"purchasable","12":"product-type-simple"},"acf":[],"_links":{"self":[{"href":"https:\/\/lienhard-ag.ch\/fr\/wp-json\/wp\/v2\/product\/2683","targetHints":{"allow":["GET"]}}],"collection":[{"href":"https:\/\/lienhard-ag.ch\/fr\/wp-json\/wp\/v2\/product"}],"about":[{"href":"https:\/\/lienhard-ag.ch\/fr\/wp-json\/wp\/v2\/types\/product"}],"wp:featuredmedia":[{"embeddable":true,"href":"https:\/\/lienhard-ag.ch\/fr\/wp-json\/wp\/v2\/media\/3531"}],"wp:attachment":[{"href":"https:\/\/lienhard-ag.ch\/fr\/wp-json\/wp\/v2\/media?parent=2683"}],"wp:term":[{"taxonomy":"product_brand","embeddable":true,"href":"https:\/\/lienhard-ag.ch\/fr\/wp-json\/wp\/v2\/product_brand?post=2683"},{"taxonomy":"product_cat","embeddable":true,"href":"https:\/\/lienhard-ag.ch\/fr\/wp-json\/wp\/v2\/product_cat?post=2683"},{"taxonomy":"product_tag","embeddable":true,"href":"https:\/\/lienhard-ag.ch\/fr\/wp-json\/wp\/v2\/product_tag?post=2683"}],"curies":[{"name":"wp","href":"https:\/\/api.w.org\/{rel}","templated":true}]}}