{"id":2684,"date":"2024-02-09T12:07:18","date_gmt":"2024-02-09T11:07:18","guid":{"rendered":"https:\/\/lienhard-ag.dev.hayloft-it.ch\/produkt\/koffer-tg8-rue\/"},"modified":"2024-02-15T08:27:33","modified_gmt":"2024-02-15T07:27:33","slug":"valise-tg8-rue","status":"publish","type":"product","link":"https:\/\/lienhard-ag.ch\/fr\/produkt\/koffer-tg8-rue\/","title":{"rendered":"Mallette TG8-R\u00dc"},"content":{"rendered":"<ul>\n<li>avec garniture en mousse pour disposer selon les besoins : appareils avec bo\u00eetier \u00e0 \u00e9trier de transport, station d'appareils TG8, bloc d'alimentation M4, tuyau de sonde de 1 m, 2 m ou 6 m, sonde manuelle flexible, sonde en cloche, sonde de localisation, sonde flottante, 100 filtres \u00e0 poussi\u00e8res fines<\/li>\n<li>Chargement des appareils dans la valise ferm\u00e9e (prise \u00e0 l'ext\u00e9rieur, passage des c\u00e2bles \u00e0 l'int\u00e9rieur)<\/li>\n<li>Dimensions de la valise environ : 71 x 43 x 19 cm<\/li>\n<\/ul>","protected":false},"excerpt":{"rendered":"<p>avec garniture en mousse pour disposer selon les besoins : appareils avec bo\u00eetier \u00e0 \u00e9trier de transport, station d'appareils TG8, bloc d'alimentation M4, tuyau de sonde de 1m, 2m ou 6m, sonde manuelle flexible, sonde \u00e0 cloche, sonde de localisation, sonde flottante, 100 filtres \u00e0 poussi\u00e8res fines Chargement des appareils dans la mallette ferm\u00e9e (prise \u00e0 l'ext\u00e9rieur, passage de c\u00e2ble \u00e0 l'int\u00e9rieur) Dimensions de la mallette env. : 71 x 43 x 19 cm<\/p>","protected":false},"featured_media":2113,"template":"","meta":[],"product_brand":[],"product_cat":[141],"product_tag":[],"class_list":{"0":"post-2684","1":"product","2":"type-product","3":"status-publish","4":"has-post-thumbnail","6":"product_cat-zubehoer","8":"first","9":"instock","10":"shipping-taxable","11":"purchasable","12":"product-type-simple"},"acf":[],"_links":{"self":[{"href":"https:\/\/lienhard-ag.ch\/fr\/wp-json\/wp\/v2\/product\/2684","targetHints":{"allow":["GET"]}}],"collection":[{"href":"https:\/\/lienhard-ag.ch\/fr\/wp-json\/wp\/v2\/product"}],"about":[{"href":"https:\/\/lienhard-ag.ch\/fr\/wp-json\/wp\/v2\/types\/product"}],"wp:featuredmedia":[{"embeddable":true,"href":"https:\/\/lienhard-ag.ch\/fr\/wp-json\/wp\/v2\/media\/2113"}],"wp:attachment":[{"href":"https:\/\/lienhard-ag.ch\/fr\/wp-json\/wp\/v2\/media?parent=2684"}],"wp:term":[{"taxonomy":"product_brand","embeddable":true,"href":"https:\/\/lienhard-ag.ch\/fr\/wp-json\/wp\/v2\/product_brand?post=2684"},{"taxonomy":"product_cat","embeddable":true,"href":"https:\/\/lienhard-ag.ch\/fr\/wp-json\/wp\/v2\/product_cat?post=2684"},{"taxonomy":"product_tag","embeddable":true,"href":"https:\/\/lienhard-ag.ch\/fr\/wp-json\/wp\/v2\/product_tag?post=2684"}],"curies":[{"name":"wp","href":"https:\/\/api.w.org\/{rel}","templated":true}]}}