{"id":2691,"date":"2024-02-09T12:07:19","date_gmt":"2024-02-09T11:07:19","guid":{"rendered":"https:\/\/lienhard-ag.dev.hayloft-it.ch\/produkt\/koffer-ac-200-sk4\/"},"modified":"2024-02-15T08:27:32","modified_gmt":"2024-02-15T07:27:32","slug":"valise-ac-200-sk4","status":"publish","type":"product","link":"https:\/\/lienhard-ag.ch\/fr\/produkt\/koffer-ac-200-sk4\/","title":{"rendered":"Mallette AC 200 SK4"},"content":{"rendered":"<ul>\n<li>avec compartiments int\u00e9gr\u00e9s<\/li>\n<li>Possibilit\u00e9 de chargement dans la valise<\/li>\n<li>Dimensions de la valise environ : 82 x 47 x 22 cm<\/li>\n<\/ul>","protected":false},"excerpt":{"rendered":"<p>avec compartiments int\u00e9gr\u00e9s Possibilit\u00e9 de chargement dans la valise Dimensions de la valise env. : 82 x 47 x 22 cm<\/p>","protected":false},"featured_media":2119,"template":"","meta":[],"product_brand":[],"product_cat":[141],"product_tag":[],"class_list":{"0":"post-2691","1":"product","2":"type-product","3":"status-publish","4":"has-post-thumbnail","6":"product_cat-zubehoer","8":"first","9":"instock","10":"shipping-taxable","11":"purchasable","12":"product-type-simple"},"acf":[],"_links":{"self":[{"href":"https:\/\/lienhard-ag.ch\/fr\/wp-json\/wp\/v2\/product\/2691","targetHints":{"allow":["GET"]}}],"collection":[{"href":"https:\/\/lienhard-ag.ch\/fr\/wp-json\/wp\/v2\/product"}],"about":[{"href":"https:\/\/lienhard-ag.ch\/fr\/wp-json\/wp\/v2\/types\/product"}],"wp:featuredmedia":[{"embeddable":true,"href":"https:\/\/lienhard-ag.ch\/fr\/wp-json\/wp\/v2\/media\/2119"}],"wp:attachment":[{"href":"https:\/\/lienhard-ag.ch\/fr\/wp-json\/wp\/v2\/media?parent=2691"}],"wp:term":[{"taxonomy":"product_brand","embeddable":true,"href":"https:\/\/lienhard-ag.ch\/fr\/wp-json\/wp\/v2\/product_brand?post=2691"},{"taxonomy":"product_cat","embeddable":true,"href":"https:\/\/lienhard-ag.ch\/fr\/wp-json\/wp\/v2\/product_cat?post=2691"},{"taxonomy":"product_tag","embeddable":true,"href":"https:\/\/lienhard-ag.ch\/fr\/wp-json\/wp\/v2\/product_tag?post=2691"}],"curies":[{"name":"wp","href":"https:\/\/api.w.org\/{rel}","templated":true}]}}