{"id":2694,"date":"2024-02-09T12:07:19","date_gmt":"2024-02-09T11:07:19","guid":{"rendered":"https:\/\/lienhard-ag.dev.hayloft-it.ch\/produkt\/koffer-hg5-l-boxx\/"},"modified":"2024-02-15T08:27:32","modified_gmt":"2024-02-15T07:27:32","slug":"valise-hg5-l-boxx","status":"publish","type":"product","link":"https:\/\/lienhard-ag.ch\/fr\/produkt\/koffer-hg5-l-boxx\/","title":{"rendered":"Mallette HG5 L-BOXX"},"content":{"rendered":"<ul>\n<li>avec garniture en mousse pour disposer selon les besoins : appareil, station d'appareil, dispositif de contr\u00f4le SPE AutoFlow, prise de gaz de contr\u00f4le, autres accessoires<\/li>\n<li>Dimensions de la valise environ : 45 x 36 x 15 cm<\/li>\n<\/ul>","protected":false},"excerpt":{"rendered":"<p>avec garniture en mousse pour un agencement adapt\u00e9 \u00e0 vos besoins de : appareil, station de l'appareil, dispositif de contr\u00f4le SPE AutoFlow, prise de gaz de contr\u00f4le, autres accessoires Dimensions de la mallette environ : 45 x 36 x 15 cm<\/p>","protected":false},"featured_media":2121,"template":"","meta":[],"product_brand":[],"product_cat":[141],"product_tag":[],"class_list":{"0":"post-2694","1":"product","2":"type-product","3":"status-publish","4":"has-post-thumbnail","6":"product_cat-zubehoer","8":"first","9":"instock","10":"shipping-taxable","11":"purchasable","12":"product-type-simple"},"acf":[],"_links":{"self":[{"href":"https:\/\/lienhard-ag.ch\/fr\/wp-json\/wp\/v2\/product\/2694","targetHints":{"allow":["GET"]}}],"collection":[{"href":"https:\/\/lienhard-ag.ch\/fr\/wp-json\/wp\/v2\/product"}],"about":[{"href":"https:\/\/lienhard-ag.ch\/fr\/wp-json\/wp\/v2\/types\/product"}],"wp:featuredmedia":[{"embeddable":true,"href":"https:\/\/lienhard-ag.ch\/fr\/wp-json\/wp\/v2\/media\/2121"}],"wp:attachment":[{"href":"https:\/\/lienhard-ag.ch\/fr\/wp-json\/wp\/v2\/media?parent=2694"}],"wp:term":[{"taxonomy":"product_brand","embeddable":true,"href":"https:\/\/lienhard-ag.ch\/fr\/wp-json\/wp\/v2\/product_brand?post=2694"},{"taxonomy":"product_cat","embeddable":true,"href":"https:\/\/lienhard-ag.ch\/fr\/wp-json\/wp\/v2\/product_cat?post=2694"},{"taxonomy":"product_tag","embeddable":true,"href":"https:\/\/lienhard-ag.ch\/fr\/wp-json\/wp\/v2\/product_tag?post=2694"}],"curies":[{"name":"wp","href":"https:\/\/api.w.org\/{rel}","templated":true}]}}