{"id":2700,"date":"2024-02-09T12:07:19","date_gmt":"2024-02-09T11:07:19","guid":{"rendered":"https:\/\/lienhard-ag.dev.hayloft-it.ch\/produkt\/ansaugschlauch-mit-korb\/"},"modified":"2024-04-17T10:30:33","modified_gmt":"2024-04-17T08:30:33","slug":"tuyau-daspiration-avec-panier","status":"publish","type":"product","link":"https:\/\/lienhard-ag.ch\/fr\/produkt\/ansaugschlauch-mit-korb\/","title":{"rendered":"Tuyau d'aspiration avec panier"},"content":{"rendered":"<ul>\n<li>Tuyau ondul\u00e9 : avec panier d'aspiration, avec fermeture \u00e0 ba\u00efonnette<\/li>\n<li>longueur : environ 2,3 m<\/li>\n<\/ul>","protected":false},"excerpt":{"rendered":"<p>Tuyau ondul\u00e9 : avec panier d'aspiration, avec fermeture \u00e0 ba\u00efonnette Longueur : env. 2,3 m<\/p>","protected":false},"featured_media":3540,"template":"","meta":[],"product_brand":[],"product_cat":[141],"product_tag":[],"class_list":{"0":"post-2700","1":"product","2":"type-product","3":"status-publish","4":"has-post-thumbnail","6":"product_cat-zubehoer","8":"first","9":"instock","10":"shipping-taxable","11":"purchasable","12":"product-type-simple"},"acf":[],"_links":{"self":[{"href":"https:\/\/lienhard-ag.ch\/fr\/wp-json\/wp\/v2\/product\/2700","targetHints":{"allow":["GET"]}}],"collection":[{"href":"https:\/\/lienhard-ag.ch\/fr\/wp-json\/wp\/v2\/product"}],"about":[{"href":"https:\/\/lienhard-ag.ch\/fr\/wp-json\/wp\/v2\/types\/product"}],"wp:featuredmedia":[{"embeddable":true,"href":"https:\/\/lienhard-ag.ch\/fr\/wp-json\/wp\/v2\/media\/3540"}],"wp:attachment":[{"href":"https:\/\/lienhard-ag.ch\/fr\/wp-json\/wp\/v2\/media?parent=2700"}],"wp:term":[{"taxonomy":"product_brand","embeddable":true,"href":"https:\/\/lienhard-ag.ch\/fr\/wp-json\/wp\/v2\/product_brand?post=2700"},{"taxonomy":"product_cat","embeddable":true,"href":"https:\/\/lienhard-ag.ch\/fr\/wp-json\/wp\/v2\/product_cat?post=2700"},{"taxonomy":"product_tag","embeddable":true,"href":"https:\/\/lienhard-ag.ch\/fr\/wp-json\/wp\/v2\/product_tag?post=2700"}],"curies":[{"name":"wp","href":"https:\/\/api.w.org\/{rel}","templated":true}]}}