{"id":2710,"date":"2024-02-09T12:07:20","date_gmt":"2024-02-09T11:07:20","guid":{"rendered":"https:\/\/lienhard-ag.dev.hayloft-it.ch\/produkt\/pruefplatte\/"},"modified":"2024-02-15T08:27:32","modified_gmt":"2024-02-15T07:27:32","slug":"plaque-de-controle","status":"publish","type":"product","link":"https:\/\/lienhard-ag.ch\/fr\/produkt\/pruefplatte\/","title":{"rendered":"Plaque d'essai"},"content":{"rendered":"<ul>\n<li>R\u00e9alisation du test de sensibilit\u00e9 10 ppm avec un d\u00e9tecteur de gaz et une sonde de tapis ou de cloche connect\u00e9e<\/li>\n<\/ul>","protected":false},"excerpt":{"rendered":"<p>R\u00e9alisation du test de sensibilit\u00e9 10 ppm avec un d\u00e9tecteur de gaz et une sonde de tapis ou de cloche connect\u00e9e<\/p>","protected":false},"featured_media":2131,"template":"","meta":[],"product_brand":[],"product_cat":[141],"product_tag":[],"class_list":{"0":"post-2710","1":"product","2":"type-product","3":"status-publish","4":"has-post-thumbnail","6":"product_cat-zubehoer","8":"first","9":"instock","10":"shipping-taxable","11":"purchasable","12":"product-type-simple"},"acf":[],"_links":{"self":[{"href":"https:\/\/lienhard-ag.ch\/fr\/wp-json\/wp\/v2\/product\/2710","targetHints":{"allow":["GET"]}}],"collection":[{"href":"https:\/\/lienhard-ag.ch\/fr\/wp-json\/wp\/v2\/product"}],"about":[{"href":"https:\/\/lienhard-ag.ch\/fr\/wp-json\/wp\/v2\/types\/product"}],"wp:featuredmedia":[{"embeddable":true,"href":"https:\/\/lienhard-ag.ch\/fr\/wp-json\/wp\/v2\/media\/2131"}],"wp:attachment":[{"href":"https:\/\/lienhard-ag.ch\/fr\/wp-json\/wp\/v2\/media?parent=2710"}],"wp:term":[{"taxonomy":"product_brand","embeddable":true,"href":"https:\/\/lienhard-ag.ch\/fr\/wp-json\/wp\/v2\/product_brand?post=2710"},{"taxonomy":"product_cat","embeddable":true,"href":"https:\/\/lienhard-ag.ch\/fr\/wp-json\/wp\/v2\/product_cat?post=2710"},{"taxonomy":"product_tag","embeddable":true,"href":"https:\/\/lienhard-ag.ch\/fr\/wp-json\/wp\/v2\/product_tag?post=2710"}],"curies":[{"name":"wp","href":"https:\/\/api.w.org\/{rel}","templated":true}]}}