{"id":2713,"date":"2024-02-09T12:07:20","date_gmt":"2024-02-09T11:07:20","guid":{"rendered":"https:\/\/lienhard-ag.dev.hayloft-it.ch\/produkt\/adapter-ats-schlauchanschluss\/"},"modified":"2024-02-15T08:27:31","modified_gmt":"2024-02-15T07:27:31","slug":"adaptateur-ats-raccord-de-tuyau","status":"publish","type":"product","link":"https:\/\/lienhard-ag.ch\/fr\/produkt\/adapter-ats-schlauchanschluss\/","title":{"rendered":"Adaptateur ATS Raccord de tuyau"},"content":{"rendered":"<ul>\n<li>pour le raccordement du tuyau de pression SPE aux entr\u00e9es de gaz ; 1 sur le dispositif d'essai ATS 501, 1 et 3 sur le dispositif d'essai ATS 503<\/li>\n<li>Raccords de tuyauterie : mamelon CEJN, filetage de raccordement \u00e0 la bo\u00eete<\/li>\n<li>avec robinet d'arr\u00eat \u00e0 bille<\/li>\n<\/ul>","protected":false},"excerpt":{"rendered":"<p>pour le raccordement du tuyau de pression SPE aux entr\u00e9es de gaz ; 1 sur le dispositif de test ATS 501, 1 et 3 sur le dispositif de test ATS 503 Raccords : mamelon CEJN, filetage de raccordement \u00e0 la bo\u00eete avec robinet d'arr\u00eat \u00e0 bille<\/p>","protected":false},"featured_media":2133,"template":"","meta":[],"product_brand":[],"product_cat":[141],"product_tag":[],"class_list":{"0":"post-2713","1":"product","2":"type-product","3":"status-publish","4":"has-post-thumbnail","6":"product_cat-zubehoer","8":"first","9":"instock","10":"shipping-taxable","11":"purchasable","12":"product-type-simple"},"acf":[],"_links":{"self":[{"href":"https:\/\/lienhard-ag.ch\/fr\/wp-json\/wp\/v2\/product\/2713","targetHints":{"allow":["GET"]}}],"collection":[{"href":"https:\/\/lienhard-ag.ch\/fr\/wp-json\/wp\/v2\/product"}],"about":[{"href":"https:\/\/lienhard-ag.ch\/fr\/wp-json\/wp\/v2\/types\/product"}],"wp:featuredmedia":[{"embeddable":true,"href":"https:\/\/lienhard-ag.ch\/fr\/wp-json\/wp\/v2\/media\/2133"}],"wp:attachment":[{"href":"https:\/\/lienhard-ag.ch\/fr\/wp-json\/wp\/v2\/media?parent=2713"}],"wp:term":[{"taxonomy":"product_brand","embeddable":true,"href":"https:\/\/lienhard-ag.ch\/fr\/wp-json\/wp\/v2\/product_brand?post=2713"},{"taxonomy":"product_cat","embeddable":true,"href":"https:\/\/lienhard-ag.ch\/fr\/wp-json\/wp\/v2\/product_cat?post=2713"},{"taxonomy":"product_tag","embeddable":true,"href":"https:\/\/lienhard-ag.ch\/fr\/wp-json\/wp\/v2\/product_tag?post=2713"}],"curies":[{"name":"wp","href":"https:\/\/api.w.org\/{rel}","templated":true}]}}