{"id":2714,"date":"2024-02-09T12:07:20","date_gmt":"2024-02-09T11:07:20","guid":{"rendered":"https:\/\/lienhard-ag.dev.hayloft-it.ch\/produkt\/schlagsonde-1-325\/"},"modified":"2024-02-15T08:27:31","modified_gmt":"2024-02-15T07:27:31","slug":"sonde-dimpact-1-325","status":"publish","type":"product","link":"https:\/\/lienhard-ag.ch\/fr\/produkt\/schlagsonde-1-325\/","title":{"rendered":"Sonde \u00e0 percussion 1.325"},"content":{"rendered":"<ul>\n<li>longueur utile : 1.325 mm<\/li>\n<li>pour percer manuellement des trous de sonde<\/li>\n<li>isolation de la poign\u00e9e jusqu'\u00e0 10 kV<\/li>\n<\/ul>","protected":false},"excerpt":{"rendered":"<p>Longueur utile : 1.325 mm pour percer manuellement des trous de sonde isol\u00e9s au niveau de la poign\u00e9e jusqu'\u00e0 10 kV<\/p>","protected":false},"featured_media":2134,"template":"","meta":[],"product_brand":[],"product_cat":[141],"product_tag":[],"class_list":{"0":"post-2714","1":"product","2":"type-product","3":"status-publish","4":"has-post-thumbnail","6":"product_cat-zubehoer","8":"first","9":"instock","10":"shipping-taxable","11":"purchasable","12":"product-type-simple"},"acf":[],"_links":{"self":[{"href":"https:\/\/lienhard-ag.ch\/fr\/wp-json\/wp\/v2\/product\/2714","targetHints":{"allow":["GET"]}}],"collection":[{"href":"https:\/\/lienhard-ag.ch\/fr\/wp-json\/wp\/v2\/product"}],"about":[{"href":"https:\/\/lienhard-ag.ch\/fr\/wp-json\/wp\/v2\/types\/product"}],"wp:featuredmedia":[{"embeddable":true,"href":"https:\/\/lienhard-ag.ch\/fr\/wp-json\/wp\/v2\/media\/2134"}],"wp:attachment":[{"href":"https:\/\/lienhard-ag.ch\/fr\/wp-json\/wp\/v2\/media?parent=2714"}],"wp:term":[{"taxonomy":"product_brand","embeddable":true,"href":"https:\/\/lienhard-ag.ch\/fr\/wp-json\/wp\/v2\/product_brand?post=2714"},{"taxonomy":"product_cat","embeddable":true,"href":"https:\/\/lienhard-ag.ch\/fr\/wp-json\/wp\/v2\/product_cat?post=2714"},{"taxonomy":"product_tag","embeddable":true,"href":"https:\/\/lienhard-ag.ch\/fr\/wp-json\/wp\/v2\/product_tag?post=2714"}],"curies":[{"name":"wp","href":"https:\/\/api.w.org\/{rel}","templated":true}]}}