{"id":2715,"date":"2024-02-09T12:07:20","date_gmt":"2024-02-09T11:07:20","guid":{"rendered":"https:\/\/lienhard-ag.dev.hayloft-it.ch\/produkt\/teppichsonde-pro\/"},"modified":"2024-02-15T08:27:31","modified_gmt":"2024-02-15T07:27:31","slug":"sonde-de-tapis-pro","status":"publish","type":"product","link":"https:\/\/lienhard-ag.ch\/fr\/produkt\/teppichsonde-pro\/","title":{"rendered":"Sonde pour tapis PRO"},"content":{"rendered":"<ul>\n<li>pour les surfaces stabilis\u00e9es<\/li>\n<li>Tuyau de la sonde<\/li>\n<li>meilleure absorption du filtre hydrophobe<\/li>\n<li>Filtre \u00e0 poussi\u00e8re<\/li>\n<li>3 filtres \u00e0 poussi\u00e8re de rechange inclus<\/li>\n<\/ul>","protected":false},"excerpt":{"rendered":"<p>pour les surfaces fix\u00e9es tuyau de la sonde logement am\u00e9lior\u00e9 du filtre hydrophobe filtre \u00e0 poussi\u00e8re y compris 3 filtres \u00e0 poussi\u00e8re de rechange<\/p>","protected":false},"featured_media":2135,"template":"","meta":[],"product_brand":[],"product_cat":[141],"product_tag":[],"class_list":{"0":"post-2715","1":"product","2":"type-product","3":"status-publish","4":"has-post-thumbnail","6":"product_cat-zubehoer","8":"first","9":"instock","10":"shipping-taxable","11":"purchasable","12":"product-type-simple"},"acf":[],"_links":{"self":[{"href":"https:\/\/lienhard-ag.ch\/fr\/wp-json\/wp\/v2\/product\/2715","targetHints":{"allow":["GET"]}}],"collection":[{"href":"https:\/\/lienhard-ag.ch\/fr\/wp-json\/wp\/v2\/product"}],"about":[{"href":"https:\/\/lienhard-ag.ch\/fr\/wp-json\/wp\/v2\/types\/product"}],"wp:featuredmedia":[{"embeddable":true,"href":"https:\/\/lienhard-ag.ch\/fr\/wp-json\/wp\/v2\/media\/2135"}],"wp:attachment":[{"href":"https:\/\/lienhard-ag.ch\/fr\/wp-json\/wp\/v2\/media?parent=2715"}],"wp:term":[{"taxonomy":"product_brand","embeddable":true,"href":"https:\/\/lienhard-ag.ch\/fr\/wp-json\/wp\/v2\/product_brand?post=2715"},{"taxonomy":"product_cat","embeddable":true,"href":"https:\/\/lienhard-ag.ch\/fr\/wp-json\/wp\/v2\/product_cat?post=2715"},{"taxonomy":"product_tag","embeddable":true,"href":"https:\/\/lienhard-ag.ch\/fr\/wp-json\/wp\/v2\/product_tag?post=2715"}],"curies":[{"name":"wp","href":"https:\/\/api.w.org\/{rel}","templated":true}]}}