{"id":2720,"date":"2024-02-09T12:07:20","date_gmt":"2024-02-09T11:07:20","guid":{"rendered":"https:\/\/lienhard-ag.dev.hayloft-it.ch\/produkt\/verlaengerung-glockensonde-100-mm\/"},"modified":"2024-02-15T08:27:32","modified_gmt":"2024-02-15T07:27:32","slug":"extension-de-la-sonde-a-cloche-100-mm","status":"publish","type":"product","link":"https:\/\/lienhard-ag.ch\/fr\/produkt\/verlaengerung-glockensonde-100-mm\/","title":{"rendered":"Rallonge de sonde \u00e0 cloche 100 mm"},"content":{"rendered":"<ul>\n<li>Pi\u00e8ce interm\u00e9diaire pour prolonger la sonde \u00e0 cloche<\/li>\n<li>avec bague d'\u00e9tanch\u00e9it\u00e9<\/li>\n<li>longueur : 100 mm<\/li>\n<\/ul>","protected":false},"excerpt":{"rendered":"<p>Pi\u00e8ce interm\u00e9diaire pour prolonger la sonde \u00e0 cloche avec bague d'\u00e9tanch\u00e9it\u00e9 Longueur : 100 mm<\/p>","protected":false},"featured_media":2137,"template":"","meta":[],"product_brand":[],"product_cat":[141],"product_tag":[],"class_list":{"0":"post-2720","1":"product","2":"type-product","3":"status-publish","4":"has-post-thumbnail","6":"product_cat-zubehoer","8":"first","9":"instock","10":"shipping-taxable","11":"purchasable","12":"product-type-simple"},"acf":[],"_links":{"self":[{"href":"https:\/\/lienhard-ag.ch\/fr\/wp-json\/wp\/v2\/product\/2720","targetHints":{"allow":["GET"]}}],"collection":[{"href":"https:\/\/lienhard-ag.ch\/fr\/wp-json\/wp\/v2\/product"}],"about":[{"href":"https:\/\/lienhard-ag.ch\/fr\/wp-json\/wp\/v2\/types\/product"}],"wp:featuredmedia":[{"embeddable":true,"href":"https:\/\/lienhard-ag.ch\/fr\/wp-json\/wp\/v2\/media\/2137"}],"wp:attachment":[{"href":"https:\/\/lienhard-ag.ch\/fr\/wp-json\/wp\/v2\/media?parent=2720"}],"wp:term":[{"taxonomy":"product_brand","embeddable":true,"href":"https:\/\/lienhard-ag.ch\/fr\/wp-json\/wp\/v2\/product_brand?post=2720"},{"taxonomy":"product_cat","embeddable":true,"href":"https:\/\/lienhard-ag.ch\/fr\/wp-json\/wp\/v2\/product_cat?post=2720"},{"taxonomy":"product_tag","embeddable":true,"href":"https:\/\/lienhard-ag.ch\/fr\/wp-json\/wp\/v2\/product_tag?post=2720"}],"curies":[{"name":"wp","href":"https:\/\/api.w.org\/{rel}","templated":true}]}}