{"id":2725,"date":"2024-02-09T12:07:21","date_gmt":"2024-02-09T11:07:21","guid":{"rendered":"https:\/\/lienhard-ag.dev.hayloft-it.ch\/produkt\/teleskopsonde-segas-gfk\/"},"modified":"2024-02-15T08:27:31","modified_gmt":"2024-02-15T07:27:31","slug":"sonde-telescopique-segas-gfk","status":"publish","type":"product","link":"https:\/\/lienhard-ag.ch\/fr\/produkt\/teleskopsonde-segas-gfk\/","title":{"rendered":"Sonde t\u00e9lescopique SeGAS GFK"},"content":{"rendered":"<ul>\n<li>pour le contr\u00f4le de canalisations pos\u00e9es librement et difficiles d'acc\u00e8s<\/li>\n<li>longueur : t\u00e9lescopique de 1,23 m \u00e0 4,00 m<\/li>\n<li>extensible 3 fois<\/li>\n<li>Tube en PRV avec fermetures \u00e0 levier de serrage<\/li>\n<li>Tuyau avec filtre hydrophobe, environ 6 m de long<\/li>\n<li>2 coudes de contr\u00f4le, flexibles, pr\u00e9r\u00e9gl\u00e9s sur DN 100 et DN 300<\/li>\n<li>Raccord de l'arc de contr\u00f4le anti-torsion et avec logement pour filtre \u00e0 poussi\u00e8re fine<\/li>\n<\/ul>","protected":false},"excerpt":{"rendered":"<p>pour le contr\u00f4le de canalisations pos\u00e9es librement et difficilement accessibles Longueur : t\u00e9lescopique de 1,23 m \u00e0 4,00 m extensible en 3 fois Tube en PRV avec fermetures \u00e0 levier de serrage Tuyau avec filtre hydrophobe, longueur env. 6 m 2 coudes de contr\u00f4le, flexibles, pr\u00e9r\u00e9gl\u00e9s sur DN 100 et DN 300 Raccord du coude de contr\u00f4le anti-torsion et avec logement pour filtre \u00e0 poussi\u00e8res fines<\/p>","protected":false},"featured_media":2142,"template":"","meta":[],"product_brand":[],"product_cat":[141],"product_tag":[],"class_list":{"0":"post-2725","1":"product","2":"type-product","3":"status-publish","4":"has-post-thumbnail","6":"product_cat-zubehoer","8":"first","9":"instock","10":"shipping-taxable","11":"purchasable","12":"product-type-simple"},"acf":[],"_links":{"self":[{"href":"https:\/\/lienhard-ag.ch\/fr\/wp-json\/wp\/v2\/product\/2725","targetHints":{"allow":["GET"]}}],"collection":[{"href":"https:\/\/lienhard-ag.ch\/fr\/wp-json\/wp\/v2\/product"}],"about":[{"href":"https:\/\/lienhard-ag.ch\/fr\/wp-json\/wp\/v2\/types\/product"}],"wp:featuredmedia":[{"embeddable":true,"href":"https:\/\/lienhard-ag.ch\/fr\/wp-json\/wp\/v2\/media\/2142"}],"wp:attachment":[{"href":"https:\/\/lienhard-ag.ch\/fr\/wp-json\/wp\/v2\/media?parent=2725"}],"wp:term":[{"taxonomy":"product_brand","embeddable":true,"href":"https:\/\/lienhard-ag.ch\/fr\/wp-json\/wp\/v2\/product_brand?post=2725"},{"taxonomy":"product_cat","embeddable":true,"href":"https:\/\/lienhard-ag.ch\/fr\/wp-json\/wp\/v2\/product_cat?post=2725"},{"taxonomy":"product_tag","embeddable":true,"href":"https:\/\/lienhard-ag.ch\/fr\/wp-json\/wp\/v2\/product_tag?post=2725"}],"curies":[{"name":"wp","href":"https:\/\/api.w.org\/{rel}","templated":true}]}}