{"id":2727,"date":"2024-02-09T12:07:21","date_gmt":"2024-02-09T11:07:21","guid":{"rendered":"https:\/\/lienhard-ag.dev.hayloft-it.ch\/produkt\/teleskop-glockensonde-d80\/"},"modified":"2024-02-15T08:27:31","modified_gmt":"2024-02-15T07:27:31","slug":"sonde-telescopique-a-cloche-d80","status":"publish","type":"product","link":"https:\/\/lienhard-ag.ch\/fr\/produkt\/teleskop-glockensonde-d80\/","title":{"rendered":"Sonde cloche t\u00e9lescopique D80"},"content":{"rendered":"<ul>\n<li>extensible jusqu'\u00e0 1.000 mm<\/li>\n<li>avec 10 filtres \u00e0 poussi\u00e8res fines<\/li>\n<\/ul>","protected":false},"excerpt":{"rendered":"<p>extensible jusqu'\u00e0 1.000 mm avec 10 filtres \u00e0 poussi\u00e8res fines<\/p>","protected":false},"featured_media":2144,"template":"","meta":[],"product_brand":[],"product_cat":[141],"product_tag":[],"class_list":{"0":"post-2727","1":"product","2":"type-product","3":"status-publish","4":"has-post-thumbnail","6":"product_cat-zubehoer","8":"first","9":"instock","10":"shipping-taxable","11":"purchasable","12":"product-type-simple"},"acf":[],"_links":{"self":[{"href":"https:\/\/lienhard-ag.ch\/fr\/wp-json\/wp\/v2\/product\/2727","targetHints":{"allow":["GET"]}}],"collection":[{"href":"https:\/\/lienhard-ag.ch\/fr\/wp-json\/wp\/v2\/product"}],"about":[{"href":"https:\/\/lienhard-ag.ch\/fr\/wp-json\/wp\/v2\/types\/product"}],"wp:featuredmedia":[{"embeddable":true,"href":"https:\/\/lienhard-ag.ch\/fr\/wp-json\/wp\/v2\/media\/2144"}],"wp:attachment":[{"href":"https:\/\/lienhard-ag.ch\/fr\/wp-json\/wp\/v2\/media?parent=2727"}],"wp:term":[{"taxonomy":"product_brand","embeddable":true,"href":"https:\/\/lienhard-ag.ch\/fr\/wp-json\/wp\/v2\/product_brand?post=2727"},{"taxonomy":"product_cat","embeddable":true,"href":"https:\/\/lienhard-ag.ch\/fr\/wp-json\/wp\/v2\/product_cat?post=2727"},{"taxonomy":"product_tag","embeddable":true,"href":"https:\/\/lienhard-ag.ch\/fr\/wp-json\/wp\/v2\/product_tag?post=2727"}],"curies":[{"name":"wp","href":"https:\/\/api.w.org\/{rel}","templated":true}]}}