{"id":2730,"date":"2024-02-09T12:07:21","date_gmt":"2024-02-09T11:07:21","guid":{"rendered":"https:\/\/lienhard-ag.dev.hayloft-it.ch\/produkt\/clipsonde-zur-gasprobenentnahme\/"},"modified":"2024-04-16T10:27:46","modified_gmt":"2024-04-16T08:27:46","slug":"sonde-a-clip-pour-prelevement-de-gaz","status":"publish","type":"product","link":"https:\/\/lienhard-ag.ch\/fr\/produkt\/clipsonde-zur-gasprobenentnahme\/","title":{"rendered":"Sonde \u00e0 clip pour le pr\u00e9l\u00e8vement d'\u00e9chantillons de gaz"},"content":{"rendered":"<ul>\n<li>est n\u00e9cessaire si l'\u00e9chantillon de gaz doit \u00eatre pr\u00e9lev\u00e9 pr\u00e8s de la t\u00eate<\/li>\n<li>avec clip de fixation pour le revers<\/li>\n<li>T\u00eate de sonde avec logement pour filtre \u00e0 particules fines<\/li>\n<li>Raccordement : raccord rapide<\/li>\n<li>un tuyau de sonde SEWERIN est \u00e9galement n\u00e9cessaire (recommandation ZZ27-10000)<\/li>\n<\/ul>","protected":false},"excerpt":{"rendered":"<p>est n\u00e9cessaire si l'\u00e9chantillon de gaz doit \u00eatre pr\u00e9lev\u00e9 \u00e0 proximit\u00e9 de la t\u00eate avec clip de fixation pour le revers T\u00eate de sonde avec logement pour filtre \u00e0 poussi\u00e8res fines Raccord : raccord rapide un tuyau de sonde SEWERIN est \u00e9galement n\u00e9cessaire (recommandation ZZ27-10000)<\/p>","protected":false},"featured_media":3518,"template":"","meta":[],"product_brand":[],"product_cat":[141],"product_tag":[],"class_list":{"0":"post-2730","1":"product","2":"type-product","3":"status-publish","4":"has-post-thumbnail","6":"product_cat-zubehoer","8":"first","9":"instock","10":"shipping-taxable","11":"purchasable","12":"product-type-simple"},"acf":[],"_links":{"self":[{"href":"https:\/\/lienhard-ag.ch\/fr\/wp-json\/wp\/v2\/product\/2730","targetHints":{"allow":["GET"]}}],"collection":[{"href":"https:\/\/lienhard-ag.ch\/fr\/wp-json\/wp\/v2\/product"}],"about":[{"href":"https:\/\/lienhard-ag.ch\/fr\/wp-json\/wp\/v2\/types\/product"}],"wp:featuredmedia":[{"embeddable":true,"href":"https:\/\/lienhard-ag.ch\/fr\/wp-json\/wp\/v2\/media\/3518"}],"wp:attachment":[{"href":"https:\/\/lienhard-ag.ch\/fr\/wp-json\/wp\/v2\/media?parent=2730"}],"wp:term":[{"taxonomy":"product_brand","embeddable":true,"href":"https:\/\/lienhard-ag.ch\/fr\/wp-json\/wp\/v2\/product_brand?post=2730"},{"taxonomy":"product_cat","embeddable":true,"href":"https:\/\/lienhard-ag.ch\/fr\/wp-json\/wp\/v2\/product_cat?post=2730"},{"taxonomy":"product_tag","embeddable":true,"href":"https:\/\/lienhard-ag.ch\/fr\/wp-json\/wp\/v2\/product_tag?post=2730"}],"curies":[{"name":"wp","href":"https:\/\/api.w.org\/{rel}","templated":true}]}}