{"id":2732,"date":"2024-02-09T12:07:21","date_gmt":"2024-02-09T11:07:21","guid":{"rendered":"https:\/\/lienhard-ag.dev.hayloft-it.ch\/produkt\/sewerin-pruefgasdose-22-vol-ch4-methan-2\/"},"modified":"2024-02-15T08:27:31","modified_gmt":"2024-02-15T07:27:31","slug":"sewerin-boite-de-gaz-dessai-22-vol-ch4-methane-2","status":"publish","type":"product","link":"https:\/\/lienhard-ag.ch\/fr\/produkt\/sewerin-pruefgasdose-22-vol-ch4-methan-2\/","title":{"rendered":"Bo\u00eete de gaz d'essai SEWERIN 2,2 Vol.-% CH4 (m\u00e9thane)"},"content":{"rendered":"<ul>\n<li>en air synth\u00e9tique<\/li>\n<li>Volume : 1 l<\/li>\n<li>Pression de remplissage : env. 12 bar<\/li>\n<li>Stabilit\u00e9 : 36 mois<\/li>\n<li>5 pi\u00e8ces<\/li>\n<\/ul>","protected":false},"excerpt":{"rendered":"<p>en air synth\u00e9tique Volume : 1 l Pression de remplissage : env. 12 bar Stabilit\u00e9 : 36 mois 5 pi\u00e8ces<\/p>","protected":false},"featured_media":0,"template":"","meta":[],"product_brand":[],"product_cat":[141],"product_tag":[],"class_list":{"0":"post-2732","1":"product","2":"type-product","3":"status-publish","5":"product_cat-zubehoer","7":"first","8":"instock","9":"shipping-taxable","10":"purchasable","11":"product-type-simple"},"acf":[],"_links":{"self":[{"href":"https:\/\/lienhard-ag.ch\/fr\/wp-json\/wp\/v2\/product\/2732","targetHints":{"allow":["GET"]}}],"collection":[{"href":"https:\/\/lienhard-ag.ch\/fr\/wp-json\/wp\/v2\/product"}],"about":[{"href":"https:\/\/lienhard-ag.ch\/fr\/wp-json\/wp\/v2\/types\/product"}],"wp:attachment":[{"href":"https:\/\/lienhard-ag.ch\/fr\/wp-json\/wp\/v2\/media?parent=2732"}],"wp:term":[{"taxonomy":"product_brand","embeddable":true,"href":"https:\/\/lienhard-ag.ch\/fr\/wp-json\/wp\/v2\/product_brand?post=2732"},{"taxonomy":"product_cat","embeddable":true,"href":"https:\/\/lienhard-ag.ch\/fr\/wp-json\/wp\/v2\/product_cat?post=2732"},{"taxonomy":"product_tag","embeddable":true,"href":"https:\/\/lienhard-ag.ch\/fr\/wp-json\/wp\/v2\/product_tag?post=2732"}],"curies":[{"name":"wp","href":"https:\/\/api.w.org\/{rel}","templated":true}]}}