{"id":2765,"date":"2024-02-09T12:07:23","date_gmt":"2024-02-09T11:07:23","guid":{"rendered":"https:\/\/lienhard-ag.dev.hayloft-it.ch\/produkt\/sewerin-pruefgasdose-extox-ir\/"},"modified":"2024-02-15T08:27:30","modified_gmt":"2024-02-15T07:27:30","slug":"sewerin-boite-de-gaz-dessai-extox-ir","status":"publish","type":"product","link":"https:\/\/lienhard-ag.ch\/fr\/produkt\/sewerin-pruefgasdose-extox-ir\/","title":{"rendered":"SEWERIN-Bo\u00eete de gaz d'essai ExTox IR"},"content":{"rendered":"<ul>\n<li>pour les appareils avec capteur infrarouge<\/li>\n<li>Composition : 2,2 vol.% CH4 (m\u00e9thane), 2,0 vol.% CO2 (dioxyde de carbone), 0 vol.% O2 (oxyg\u00e8ne), 40 ppm CO (monoxyde de carbone), 40 ppm H2S (hydrog\u00e8ne sulfur\u00e9), dans l'azote<\/li>\n<li>Volume : 1 l<\/li>\n<li>Pression de remplissage : env. 12 bar<\/li>\n<li>Stabilit\u00e9 : 36 mois (CH4, CO2, O2, CO), 6 mois (H2S)<\/li>\n<\/ul>","protected":false},"excerpt":{"rendered":"<p>pour appareils avec capteur infrarouge Composition : 2,2 vol.% CH4 (m\u00e9thane), 2,0 vol.% CO2 (dioxyde de carbone), 0 vol.% O2 (oxyg\u00e8ne), 40 ppm CO (monoxyde de carbone), 40 ppm H2S (hydrog\u00e8ne sulfur\u00e9), en azote Volume : 1 l Pression de remplissage : env. 12 bar Stabilit\u00e9 : 36 mois (CH4, CO2, O2, CO), 6 mois (H2S)<\/p>","protected":false},"featured_media":2153,"template":"","meta":[],"product_brand":[],"product_cat":[141],"product_tag":[],"class_list":{"0":"post-2765","1":"product","2":"type-product","3":"status-publish","4":"has-post-thumbnail","6":"product_cat-zubehoer","8":"first","9":"instock","10":"shipping-taxable","11":"purchasable","12":"product-type-simple"},"acf":[],"_links":{"self":[{"href":"https:\/\/lienhard-ag.ch\/fr\/wp-json\/wp\/v2\/product\/2765","targetHints":{"allow":["GET"]}}],"collection":[{"href":"https:\/\/lienhard-ag.ch\/fr\/wp-json\/wp\/v2\/product"}],"about":[{"href":"https:\/\/lienhard-ag.ch\/fr\/wp-json\/wp\/v2\/types\/product"}],"wp:featuredmedia":[{"embeddable":true,"href":"https:\/\/lienhard-ag.ch\/fr\/wp-json\/wp\/v2\/media\/2153"}],"wp:attachment":[{"href":"https:\/\/lienhard-ag.ch\/fr\/wp-json\/wp\/v2\/media?parent=2765"}],"wp:term":[{"taxonomy":"product_brand","embeddable":true,"href":"https:\/\/lienhard-ag.ch\/fr\/wp-json\/wp\/v2\/product_brand?post=2765"},{"taxonomy":"product_cat","embeddable":true,"href":"https:\/\/lienhard-ag.ch\/fr\/wp-json\/wp\/v2\/product_cat?post=2765"},{"taxonomy":"product_tag","embeddable":true,"href":"https:\/\/lienhard-ag.ch\/fr\/wp-json\/wp\/v2\/product_tag?post=2765"}],"curies":[{"name":"wp","href":"https:\/\/api.w.org\/{rel}","templated":true}]}}