{"id":2770,"date":"2024-02-09T12:07:25","date_gmt":"2024-02-09T11:07:25","guid":{"rendered":"https:\/\/lienhard-ag.dev.hayloft-it.ch\/produkt\/sewerin-pruefgasdose-excox-ir\/"},"modified":"2024-02-15T08:27:30","modified_gmt":"2024-02-15T07:27:30","slug":"boite-de-gaz-dessai-sewerin-excox-ir","status":"publish","type":"product","link":"https:\/\/lienhard-ag.ch\/fr\/produkt\/sewerin-pruefgasdose-excox-ir\/","title":{"rendered":"SEWERIN-Bo\u00eete de gaz d'essai ExCOx IR"},"content":{"rendered":"<ul>\n<li>pour les appareils avec capteur infrarouge<\/li>\n<li>Composition : 2,2 vol.% CH4 (m\u00e9thane), 2,0 vol.% CO2 (dioxyde de carbone)), 0 vol.% O2 (oxyg\u00e8ne), 40 ppm CO (monoxyde de carbone), dans l'azote<\/li>\n<li>Volume : 1 l<\/li>\n<li>Pression de remplissage : env. 12 bar<\/li>\n<li>Stabilit\u00e9 : 36 mois<\/li>\n<\/ul>","protected":false},"excerpt":{"rendered":"<p>pour appareils avec capteur infrarouge Composition : 2,2 vol.% CH4 (m\u00e9thane), 2,0 vol.% CO2 (dioxyde de carbone)), 0 vol.% O2 (oxyg\u00e8ne), 40 ppm CO (monoxyde de carbone), dans azote Volume : 1 l Pression de remplissage : env. 12 bar Stabilit\u00e9 : 36 mois<\/p>","protected":false},"featured_media":0,"template":"","meta":[],"product_brand":[],"product_cat":[141],"product_tag":[],"class_list":{"0":"post-2770","1":"product","2":"type-product","3":"status-publish","5":"product_cat-zubehoer","7":"first","8":"instock","9":"shipping-taxable","10":"purchasable","11":"product-type-simple"},"acf":[],"_links":{"self":[{"href":"https:\/\/lienhard-ag.ch\/fr\/wp-json\/wp\/v2\/product\/2770","targetHints":{"allow":["GET"]}}],"collection":[{"href":"https:\/\/lienhard-ag.ch\/fr\/wp-json\/wp\/v2\/product"}],"about":[{"href":"https:\/\/lienhard-ag.ch\/fr\/wp-json\/wp\/v2\/types\/product"}],"wp:attachment":[{"href":"https:\/\/lienhard-ag.ch\/fr\/wp-json\/wp\/v2\/media?parent=2770"}],"wp:term":[{"taxonomy":"product_brand","embeddable":true,"href":"https:\/\/lienhard-ag.ch\/fr\/wp-json\/wp\/v2\/product_brand?post=2770"},{"taxonomy":"product_cat","embeddable":true,"href":"https:\/\/lienhard-ag.ch\/fr\/wp-json\/wp\/v2\/product_cat?post=2770"},{"taxonomy":"product_tag","embeddable":true,"href":"https:\/\/lienhard-ag.ch\/fr\/wp-json\/wp\/v2\/product_tag?post=2770"}],"curies":[{"name":"wp","href":"https:\/\/api.w.org\/{rel}","templated":true}]}}