{"id":2893,"date":"2024-02-20T14:28:16","date_gmt":"2024-02-20T13:28:16","guid":{"rendered":"https:\/\/lienhard-ag.dev.hayloft-it.ch\/?post_type=product&#038;p=2893"},"modified":"2024-03-06T14:36:44","modified_gmt":"2024-03-06T13:36:44","slug":"plaque-coulissante-2-fois-bleu-ob","status":"publish","type":"product","link":"https:\/\/lienhard-ag.ch\/fr\/produkt\/schild-schieber-2-fach-blau-ob\/","title":{"rendered":"Etiquette \u00e0 glissi\u00e8re 2x bleue"},"content":{"rendered":"","protected":false},"excerpt":{"rendered":"<p>220 x 140 mm, non perfor\u00e9<br \/>\nAlu r\u00e9fl\u00e9chissant<\/p>\n<p>sans marque autocollante<\/p>\n<p>sur demande, \u00e0 partir de 10 panneaux :<br \/>\nimpression gratuite de l'\u0153uvre (par ex. logo, \u00e9criture, armoiries)<\/p>","protected":false},"featured_media":3379,"template":"","meta":[],"product_brand":[],"product_cat":[142],"product_tag":[],"class_list":{"0":"post-2893","1":"product","2":"type-product","3":"status-publish","4":"has-post-thumbnail","6":"product_cat-wasser","8":"first","9":"instock","10":"shipping-taxable","11":"purchasable","12":"product-type-simple"},"acf":[],"_links":{"self":[{"href":"https:\/\/lienhard-ag.ch\/fr\/wp-json\/wp\/v2\/product\/2893","targetHints":{"allow":["GET"]}}],"collection":[{"href":"https:\/\/lienhard-ag.ch\/fr\/wp-json\/wp\/v2\/product"}],"about":[{"href":"https:\/\/lienhard-ag.ch\/fr\/wp-json\/wp\/v2\/types\/product"}],"wp:featuredmedia":[{"embeddable":true,"href":"https:\/\/lienhard-ag.ch\/fr\/wp-json\/wp\/v2\/media\/3379"}],"wp:attachment":[{"href":"https:\/\/lienhard-ag.ch\/fr\/wp-json\/wp\/v2\/media?parent=2893"}],"wp:term":[{"taxonomy":"product_brand","embeddable":true,"href":"https:\/\/lienhard-ag.ch\/fr\/wp-json\/wp\/v2\/product_brand?post=2893"},{"taxonomy":"product_cat","embeddable":true,"href":"https:\/\/lienhard-ag.ch\/fr\/wp-json\/wp\/v2\/product_cat?post=2893"},{"taxonomy":"product_tag","embeddable":true,"href":"https:\/\/lienhard-ag.ch\/fr\/wp-json\/wp\/v2\/product_tag?post=2893"}],"curies":[{"name":"wp","href":"https:\/\/api.w.org\/{rel}","templated":true}]}}