{"id":3039,"date":"2024-02-21T14:47:37","date_gmt":"2024-02-21T13:47:37","guid":{"rendered":"https:\/\/lienhard-ag.dev.hayloft-it.ch\/?post_type=product&#038;p=3039"},"modified":"2024-03-14T16:50:00","modified_gmt":"2024-03-14T15:50:00","slug":"capuchon-centre-o-oese-jaune","status":"publish","type":"product","link":"https:\/\/lienhard-ag.ch\/fr\/produkt\/abdeckkappe-zentriert-o-oese-gelb\/","title":{"rendered":"Cache centr\u00e9 sans \u0153illet jaune"},"content":{"rendered":"","protected":false},"excerpt":{"rendered":"<p>pour vanne carr\u00e9e, par ex. vanne de raccordement d'immeuble, vanne de zone, clapets<\/p>\n<p>acier inoxydable V2A, rev\u00eatement par poudre, inscription au choix<\/p>\n<p>Disponible aussi en bleu, vert, rouge<\/p>","protected":false},"featured_media":3424,"template":"","meta":[],"product_brand":[],"product_cat":[40],"product_tag":[],"class_list":{"0":"post-3039","1":"product","2":"type-product","3":"status-publish","4":"has-post-thumbnail","6":"product_cat-gas","8":"first","9":"instock","10":"shipping-taxable","11":"purchasable","12":"product-type-simple"},"acf":[],"_links":{"self":[{"href":"https:\/\/lienhard-ag.ch\/fr\/wp-json\/wp\/v2\/product\/3039","targetHints":{"allow":["GET"]}}],"collection":[{"href":"https:\/\/lienhard-ag.ch\/fr\/wp-json\/wp\/v2\/product"}],"about":[{"href":"https:\/\/lienhard-ag.ch\/fr\/wp-json\/wp\/v2\/types\/product"}],"wp:featuredmedia":[{"embeddable":true,"href":"https:\/\/lienhard-ag.ch\/fr\/wp-json\/wp\/v2\/media\/3424"}],"wp:attachment":[{"href":"https:\/\/lienhard-ag.ch\/fr\/wp-json\/wp\/v2\/media?parent=3039"}],"wp:term":[{"taxonomy":"product_brand","embeddable":true,"href":"https:\/\/lienhard-ag.ch\/fr\/wp-json\/wp\/v2\/product_brand?post=3039"},{"taxonomy":"product_cat","embeddable":true,"href":"https:\/\/lienhard-ag.ch\/fr\/wp-json\/wp\/v2\/product_cat?post=3039"},{"taxonomy":"product_tag","embeddable":true,"href":"https:\/\/lienhard-ag.ch\/fr\/wp-json\/wp\/v2\/product_tag?post=3039"}],"curies":[{"name":"wp","href":"https:\/\/api.w.org\/{rel}","templated":true}]}}