{"id":3736,"date":"2025-02-20T10:15:18","date_gmt":"2025-02-20T09:15:18","guid":{"rendered":"https:\/\/lienhard-ag.ch\/?post_type=product&#038;p=3736"},"modified":"2025-02-20T10:20:31","modified_gmt":"2025-02-20T09:20:31","slug":"hw-eau-potable-zone-de-protection-s1","status":"publish","type":"product","link":"https:\/\/lienhard-ag.ch\/fr\/produkt\/hw-trinkwasser-schutzgebiet-s1\/","title":{"rendered":"Panneau indicateur eau potable zone prot\u00e9g\u00e9e S1"},"content":{"rendered":"","protected":false},"excerpt":{"rendered":"<p>400 x 300 mm, perfor\u00e9 ou non perfor\u00e9<br \/>\navec ajout de S1<br \/>\nAlu r\u00e9fl\u00e9chissant<\/p>\n<p>Sur demande, impression d'usine (p. ex. logo, inscription)<\/p>","protected":false},"featured_media":3737,"template":"","meta":[],"product_brand":[],"product_cat":[145,33],"product_tag":[],"class_list":{"0":"post-3736","1":"product","2":"type-product","3":"status-publish","4":"has-post-thumbnail","6":"product_cat-schutzzone","7":"product_cat-beschriftung","9":"first","10":"instock","11":"shipping-taxable","12":"purchasable","13":"product-type-simple"},"acf":[],"_links":{"self":[{"href":"https:\/\/lienhard-ag.ch\/fr\/wp-json\/wp\/v2\/product\/3736","targetHints":{"allow":["GET"]}}],"collection":[{"href":"https:\/\/lienhard-ag.ch\/fr\/wp-json\/wp\/v2\/product"}],"about":[{"href":"https:\/\/lienhard-ag.ch\/fr\/wp-json\/wp\/v2\/types\/product"}],"wp:featuredmedia":[{"embeddable":true,"href":"https:\/\/lienhard-ag.ch\/fr\/wp-json\/wp\/v2\/media\/3737"}],"wp:attachment":[{"href":"https:\/\/lienhard-ag.ch\/fr\/wp-json\/wp\/v2\/media?parent=3736"}],"wp:term":[{"taxonomy":"product_brand","embeddable":true,"href":"https:\/\/lienhard-ag.ch\/fr\/wp-json\/wp\/v2\/product_brand?post=3736"},{"taxonomy":"product_cat","embeddable":true,"href":"https:\/\/lienhard-ag.ch\/fr\/wp-json\/wp\/v2\/product_cat?post=3736"},{"taxonomy":"product_tag","embeddable":true,"href":"https:\/\/lienhard-ag.ch\/fr\/wp-json\/wp\/v2\/product_tag?post=3736"}],"curies":[{"name":"wp","href":"https:\/\/api.w.org\/{rel}","templated":true}]}}