{"id":3742,"date":"2025-03-06T15:39:27","date_gmt":"2025-03-06T14:39:27","guid":{"rendered":"https:\/\/lienhard-ag.ch\/?post_type=product&#038;p=3742"},"modified":"2025-03-06T16:17:05","modified_gmt":"2025-03-06T15:17:05","slug":"poteau-tubulaire-info-operateur-48-1500","status":"publish","type":"product","link":"https:\/\/lienhard-ag.ch\/fr\/produkt\/rohrpfosten-betreiberinfo-48-1500\/","title":{"rendered":"Poteau tubulaire avec information de l'op\u00e9rateur"},"content":{"rendered":"","protected":false},"excerpt":{"rendered":"<p>\u00d8 48 mm \/ longueur 1500 mm<br \/>\nIdentification des lignes, des zones, etc.<br \/>\naluminium, film r\u00e9fl\u00e9chissant, impression \u00e0 la demande<br \/>\ncomplet avec capuchon en plastique et ancre de terre<\/p>\n<p>autres diam\u00e8tres ou longueurs sur demande<\/p>","protected":false},"featured_media":3743,"template":"","meta":[],"product_brand":[],"product_cat":[33,145],"product_tag":[],"class_list":{"0":"post-3742","1":"product","2":"type-product","3":"status-publish","4":"has-post-thumbnail","6":"product_cat-beschriftung","7":"product_cat-schutzzone","9":"first","10":"instock","11":"shipping-taxable","12":"purchasable","13":"product-type-simple"},"acf":[],"_links":{"self":[{"href":"https:\/\/lienhard-ag.ch\/fr\/wp-json\/wp\/v2\/product\/3742","targetHints":{"allow":["GET"]}}],"collection":[{"href":"https:\/\/lienhard-ag.ch\/fr\/wp-json\/wp\/v2\/product"}],"about":[{"href":"https:\/\/lienhard-ag.ch\/fr\/wp-json\/wp\/v2\/types\/product"}],"wp:featuredmedia":[{"embeddable":true,"href":"https:\/\/lienhard-ag.ch\/fr\/wp-json\/wp\/v2\/media\/3743"}],"wp:attachment":[{"href":"https:\/\/lienhard-ag.ch\/fr\/wp-json\/wp\/v2\/media?parent=3742"}],"wp:term":[{"taxonomy":"product_brand","embeddable":true,"href":"https:\/\/lienhard-ag.ch\/fr\/wp-json\/wp\/v2\/product_brand?post=3742"},{"taxonomy":"product_cat","embeddable":true,"href":"https:\/\/lienhard-ag.ch\/fr\/wp-json\/wp\/v2\/product_cat?post=3742"},{"taxonomy":"product_tag","embeddable":true,"href":"https:\/\/lienhard-ag.ch\/fr\/wp-json\/wp\/v2\/product_tag?post=3742"}],"curies":[{"name":"wp","href":"https:\/\/api.w.org\/{rel}","templated":true}]}}