{"id":938,"date":"2023-09-21T17:23:51","date_gmt":"2023-09-21T15:23:51","guid":{"rendered":"https:\/\/lienhard-ag.dev.hayloft-it.ch\/?post_type=product&#038;p=938"},"modified":"2024-02-27T17:57:05","modified_gmt":"2024-02-27T16:57:05","slug":"ex-tec-hs680-660-appareil-de-mesure-combine","status":"publish","type":"product","link":"https:\/\/lienhard-ag.ch\/fr\/produkt\/ex-tec-hs680-660-kombinationsmessgeraet\/","title":{"rendered":"EX-TEC HS 680 \/ 660 \/ 650 \/ 610 - Appareil de mesure combin\u00e9"},"content":{"rendered":"<h3>Caract\u00e9ristiques<\/h3>\n<ul>\n<li>Utilisation au moyen du bouton de menu, des touches de fonction et du guidage par menu<\/li>\n<li>Grand \u00e9cran matriciel avec r\u00e9tro\u00e9clairage<\/li>\n<li>Alimentation \u00e9lectrique via 4 piles AA interchangeables ou des piles primaires<\/li>\n<li>Charge rapide en 4 h<\/li>\n<li>Chargement possible m\u00eame sans station d'accueil<\/li>\n<li>Communication PC via USB<\/li>\n<li>Protection EX : T\u00dcV 07 ATEX 553353 X, II2G Ex d e ib IIB T4 Gb,<br \/>\nIIC en cas d'utilisation du sac de transport TG8<\/li>\n<li>Fonction de mesure : BVS 09 ATEX G 001 X, PFG 08 G 002 X<br \/>\n(fonction de mesure uniquement <strong>EX-TEC\u00ae HS<\/strong><strong>\u00a0680, 650<\/strong>)<\/li>\n<li>Capteurs infrarouges s\u00e9lectifs pour les hydrocarbures et le dioxyde de carbone<\/li>\n<li>Capteur \u00e0 semi-conducteurs rapide et tr\u00e8s sensible<\/li>\n<li>Trois capteurs \u00e9lectrochimiques en option pour l'oxyg\u00e8ne et les gaz toxiques<\/li>\n<li>R\u00e9glage du type de gaz : m\u00e9thane (standard), propane et butane (en option)<\/li>\n<li>En option : analyse de l'\u00e9thane pour distinguer le gaz naturel du gaz de carter sans autres accessoires<\/li>\n<\/ul>\n<h3>Sonde \u00e0 oxyg\u00e8ne<\/h3>\n<p class=\"bodytext\">Le capteur d'oxyg\u00e8ne disponible en option peut afficher le minimum d'oxyg\u00e8ne en m\u00eame temps que le maximum de m\u00e9thane. Ce minimum, avec sa zone de propagation plus \u00e9troite, est utilis\u00e9 pour localiser plus pr\u00e9cis\u00e9ment les points de fuite difficiles. Avec un d\u00e9tecteur d'\u00e9thane int\u00e9gr\u00e9, il est possible de r\u00e9pondre tr\u00e8s facilement \u00e0 la question du gaz naturel ou du gaz des marais. L'utilisateur n'a pas besoin d'autres accessoires ou de connaissances sp\u00e9cifiques. Le site <strong>EX-TEC<sup>\u00ae<\/sup> HS 680\/660<\/strong> guide l'utilisateur \u00e0 travers l'analyse de l'\u00e9thane en lui donnant des indications. Le r\u00e9sultat clair peut \u00eatre enregistr\u00e9 et trait\u00e9 sur un PC via l'interface USB int\u00e9gr\u00e9e.<\/p>\n<p>&nbsp;<\/p>","protected":false},"excerpt":{"rendered":"<p>Appareils de mesure combin\u00e9s pour l'approvisionnement en gaz avec d\u00e9tecteur d'\u00e9thane int\u00e9gr\u00e9.<\/p>\n<p>Les produits de la <strong>EX-TEC<sup>\u00ae<\/sup> Famille d'appareils HS<\/strong> allient ergonomie et technologie de pointe. Gr\u00e2ce \u00e0 un concept d'appareil innovant, l'utilisateur dispose de l'appareil adapt\u00e9 \u00e0 chaque cas d'application.<\/p>","protected":false},"featured_media":1135,"template":"","meta":[],"product_brand":[],"product_cat":[31,80,76],"product_tag":[],"class_list":{"0":"post-938","1":"product","2":"type-product","3":"status-publish","4":"has-post-thumbnail","6":"product_cat-geraete-gas","7":"product_cat-gaswarngeraete","8":"product_cat-gasmessgeraete","10":"first","11":"instock","12":"shipping-taxable","13":"purchasable","14":"product-type-simple"},"acf":[],"_links":{"self":[{"href":"https:\/\/lienhard-ag.ch\/fr\/wp-json\/wp\/v2\/product\/938","targetHints":{"allow":["GET"]}}],"collection":[{"href":"https:\/\/lienhard-ag.ch\/fr\/wp-json\/wp\/v2\/product"}],"about":[{"href":"https:\/\/lienhard-ag.ch\/fr\/wp-json\/wp\/v2\/types\/product"}],"wp:featuredmedia":[{"embeddable":true,"href":"https:\/\/lienhard-ag.ch\/fr\/wp-json\/wp\/v2\/media\/1135"}],"wp:attachment":[{"href":"https:\/\/lienhard-ag.ch\/fr\/wp-json\/wp\/v2\/media?parent=938"}],"wp:term":[{"taxonomy":"product_brand","embeddable":true,"href":"https:\/\/lienhard-ag.ch\/fr\/wp-json\/wp\/v2\/product_brand?post=938"},{"taxonomy":"product_cat","embeddable":true,"href":"https:\/\/lienhard-ag.ch\/fr\/wp-json\/wp\/v2\/product_cat?post=938"},{"taxonomy":"product_tag","embeddable":true,"href":"https:\/\/lienhard-ag.ch\/fr\/wp-json\/wp\/v2\/product_tag?post=938"}],"curies":[{"name":"wp","href":"https:\/\/api.w.org\/{rel}","templated":true}]}}